{"id":84682,"date":"2025-02-06T12:01:56","date_gmt":"2025-02-06T11:01:56","guid":{"rendered":"https:\/\/wfa.uwr.edu.pl\/?page_id=84682"},"modified":"2025-02-06T12:02:00","modified_gmt":"2025-02-06T11:02:00","slug":"division-of-mathematical-methods-in-physics-seminar","status":"publish","type":"page","link":"https:\/\/wfa.uwr.edu.pl\/en\/institute-of-theoretical-physics\/seminars\/division-of-mathematical-methods-in-physics-seminar\/","title":{"rendered":"Division of Mathematical Methods in Physics Seminar"},"content":{"rendered":"\n<div class=\"wp-block-ugb-container ugb-container blok_nowa_podstrona ugb-8dda971 ugb-container--v2 ugb-container--design-plain ugb-main-block\"><div class=\"ugb-inner-block\"><div class=\"ugb-block-content\"><div class=\"ugb-container__wrapper ugb-8dda971-wrapper\"><div class=\"ugb-container__side\"><div class=\"ugb-container__content-wrapper ugb-8dda971-content-wrapper\">\n<div class=\"wp-block-columns bs-news-page is-layout-flex wp-block-columns-is-layout-flex\">\n<div class=\"wp-block-column bs-kontakt-photo is-layout-flow wp-block-column-is-layout-flow\">\n<figure class=\"wp-block-image size-large\"><img decoding=\"async\" src=\"https:\/\/wfa.uwr.edu.pl\/wp-content\/uploads\/sites\/216\/2022\/06\/pexels-icsa-1709003-1024x683.jpg\" alt=\"Seminarium\" class=\"wp-image-25708\"\/><\/figure>\n<\/div>\n\n\n\n<div class=\"wp-block-column bs-contact-right-column is-layout-flow wp-block-column-is-layout-flow\">\n<div class=\"wp-block-bonasoft-modular-breadcrumbs-block\"><div class=\"bs_add_breadcrumb_trail\"><\/div><\/div>\n\n\n\n<hr class=\"wp-block-separator has-text-color has-black-color has-css-opacity has-black-background-color has-background is-style-wide bs-border-kontakt\"\/>\n\n\n<h1 style=\"font-style:normal;font-weight:700;\" class=\"bs-naglowek-podstrony wp-block-post-title\">Division of Mathematical Methods in Physics Seminar<\/h1><\/div>\n<\/div>\n\n\n\n<div class=\"wp-block-ugb-container ugb-container bs-news-page-under ugb-f8694ce ugb-container--v2 ugb-container--design-plain ugb-main-block\"><div class=\"ugb-inner-block\"><div class=\"ugb-block-content\"><div class=\"ugb-container__wrapper ugb-f8694ce-wrapper\"><div class=\"ugb-container__side\"><div class=\"ugb-container__content-wrapper ugb-f8694ce-content-wrapper\">\n<p><strong>Date<\/strong>: 07.11.2022<br><strong>Place<\/strong>: Room\u00a0416\u00a010:15<br><strong>Subject<\/strong>: Phase space description of quantum optics<br><strong>Person<\/strong>: <em>Nazarii Sudak<\/em><br><strong>Abstract<\/strong>: A classical particle has a definite position and momentum and is therefore represented as a point in phase space. When there is a set of particles, the probability of finding a particle in a certain small volume of phase space is given by the probability distribution function. This is not true for a quantum particle due to the uncertainty principle. Instead, one can introduce a quasi-probability distribution, which is not required to satisfy all the properties of a normal probability distribution function. For example, the Wigner function becomes negative for states that have no classical counterparts, so it can be used to identify non-classical states. Connection to other quasiprobability functions such as Glauber&#8217;s-Sudarashan P function and Husimi Q function will also be shown.<\/p>\n\n\n\n<p><strong>Date<\/strong>: 13.01.2020<br><strong>Place<\/strong>: Room\u00a0422\u00a010:15<br><strong>Subject<\/strong>: Dydaktyczne wprowadzenie do teorii spl\u0105tania p\u00f3l kwantowych &#8211; kontynuacja<br><strong>Person<\/strong>: <em>dr hab. Lech Jak\u00f3bczyk<\/em><\/p>\n\n\n\n<p><strong>Date<\/strong>: 16.12.2019<br><strong>Place<\/strong>: Room\u00a0422\u00a010:15<br><strong>Subject<\/strong>: Dydaktyczne wprowadzenie do teorii spl\u0105tania p\u00f3l kwantowych.<br><strong>Person<\/strong>: <em>dr hab. Lech Jak\u00f3bczyk<\/em><\/p>\n\n\n\n<p><strong>Date<\/strong>: 10.06.2019<br><strong>Place<\/strong>: Room\u00a0422\u00a010:15<br><strong>Subject<\/strong>: Dydaktyczne wprowadzenie do teorii spl\u0105tania p\u00f3l kwantowych.<br><strong>Person<\/strong>: <em>dr hab. Lech Jak\u00f3bczyk<\/em><\/p>\n\n\n\n<p><strong>Date<\/strong>: 10.06.2019<br><strong>Place<\/strong>: Room\u00a0422\u00a010:15<br><strong>Subject<\/strong>: Fala elektromagnetyczna w modelu Friedmana<br><strong>Person<\/strong>: <em>dr hab. Bernard Jancewicz<\/em><br><strong>Abstract<\/strong>: &#8211;<\/p>\n\n\n\n<p><strong>Date<\/strong>: 01.04.2019<br><strong>Place<\/strong>: Room\u00a0422\u00a010:15<br><strong>Subject<\/strong>: Streszczenie wynik\u00f3w bada\u0144 nad teori\u0105 korelacji kwantowych dla uk\u0142ad\u00f3w dwu &#8211; i tr\u00f3j &#8211; kuditowych<br><strong>Person<\/strong>: <em>dr Artur Barasi\u0144ski<\/em><br><strong>Abstract<\/strong>: &#8211;<\/p>\n\n\n\n<p><strong>Date<\/strong>: 03.12.2018<br><strong>Place<\/strong>: Room\u00a0422\u00a010:15<br><strong>Subject<\/strong>: Aspekty struktur rozg\u0142oszeniwych w teorii dekoherencji<br><strong>Person<\/strong>: <em>dr hab. Jaros\u0142aw Korbicz (CTP Warsaw)<\/em><br><strong>Abstract<\/strong>: &#8211;<\/p>\n\n\n\n<p><strong>Date<\/strong>: 15.10.2018<br><strong>Place<\/strong>: Room\u00a0422\u00a010:15<br><strong>Subject<\/strong>: Techniczne ( i nie tylko) uzupe\u0142nienie referatu na seminarium instutytowym<br><strong>Person<\/strong>: <em>dr hab. Jaros\u0142aw Korbicz (CTP Warsaw)<\/em><br><strong>Abstract<\/strong>: &#8211;<\/p>\n\n\n\n<p><strong>Date<\/strong>: 04.06.2018<br><strong>Place<\/strong>: Room\u00a0422\u00a010:15<br><strong>Subject<\/strong>: Unruh effect for massive fields cannot be detected<br><strong>Person<\/strong>: <em>dr hab. Andrzej Dragan (Uniwersity of Warsaw)<\/em><br><strong>Abstract<\/strong>: Massive particles created in a relativistically accelerated reference frame, as predicted by the Unruh effect, can only be found in a tiny layer above the event horizon, whose thickness corresponds to a single Compton wavelength. This is beyond the reach of any detector and suggests that the Unruh effect may not ever be directly observed for massive fields. The case of massless particles is also examined, for which qualitatively different behaviour is observed in a low-\u2060acceleration regime, suggesting that an observation of the Unruh effect for massless particles is more promising.<\/p>\n\n\n\n<p><strong>Date<\/strong>: 14.05.2018<br><strong>Place<\/strong>: Room\u00a0422\u00a010:15<br><strong>Subject<\/strong>: Odwzorowanie momentu w teorii informacji kwantowej<br><strong>Person<\/strong>: <em>prof. Adam Sawicki (CTP Warsaw)<\/em><br><strong>Abstract<\/strong>: &#8211;<\/p>\n<\/div><\/div><\/div><\/div><\/div><\/div>\n<\/div><\/div><\/div><\/div><\/div><\/div>\n","protected":false},"excerpt":{"rendered":"<p>Date: 07.11.2022Place: Room\u00a0416\u00a010:15Subject: Phase space description of quantum opticsPerson: Nazarii SudakAbstract: A classical particle has a definite position and momentum and is therefore represented as a point in phase space. When there is a set of particles, the probability of finding a particle in a certain small volume of phase space is given by the [&hellip;]<\/p>\n","protected":false},"author":7182,"featured_media":25708,"parent":84631,"menu_order":5,"comment_status":"closed","ping_status":"closed","template":"","meta":{"_acf_changed":false,"inline_featured_image":false,"site-sidebar-layout":"default","site-content-layout":"","ast-site-content-layout":"default","site-content-style":"default","site-sidebar-style":"default","ast-global-header-display":"","ast-banner-title-visibility":"","ast-main-header-display":"","ast-hfb-above-header-display":"","ast-hfb-below-header-display":"","ast-hfb-mobile-header-display":"","site-post-title":"","ast-breadcrumbs-content":"","ast-featured-img":"","footer-sml-layout":"","ast-disable-related-posts":"","theme-transparent-header-meta":"","adv-header-id-meta":"","stick-header-meta":"","header-above-stick-meta":"","header-main-stick-meta":"","header-below-stick-meta":"","astra-migrate-meta-layouts":"set","ast-page-background-enabled":"default","ast-page-background-meta":{"desktop":{"background-color":"","background-image":"","background-repeat":"repeat","background-position":"center center","background-size":"auto","background-attachment":"scroll","background-type":"","background-media":"","overlay-type":"","overlay-color":"","overlay-opacity":"","overlay-gradient":""},"tablet":{"background-color":"","background-image":"","background-repeat":"repeat","background-position":"center center","background-size":"auto","background-attachment":"scroll","background-type":"","background-media":"","overlay-type":"","overlay-color":"","overlay-opacity":"","overlay-gradient":""},"mobile":{"background-color":"","background-image":"","background-repeat":"repeat","background-position":"center center","background-size":"auto","background-attachment":"scroll","background-type":"","background-media":"","overlay-type":"","overlay-color":"","overlay-opacity":"","overlay-gradient":""}},"ast-content-background-meta":{"desktop":{"background-color":"var(--ast-global-color-5)","background-image":"","background-repeat":"repeat","background-position":"center center","background-size":"auto","background-attachment":"scroll","background-type":"","background-media":"","overlay-type":"","overlay-color":"","overlay-opacity":"","overlay-gradient":""},"tablet":{"background-color":"var(--ast-global-color-5)","background-image":"","background-repeat":"repeat","background-position":"center center","background-size":"auto","background-attachment":"scroll","background-type":"","background-media":"","overlay-type":"","overlay-color":"","overlay-opacity":"","overlay-gradient":""},"mobile":{"background-color":"var(--ast-global-color-5)","background-image":"","background-repeat":"repeat","background-position":"center center","background-size":"auto","background-attachment":"scroll","background-type":"","background-media":"","overlay-type":"","overlay-color":"","overlay-opacity":"","overlay-gradient":""}},"footnotes":""},"categories":[],"tags":[],"class_list":["post-84682","page","type-page","status-publish","has-post-thumbnail","hentry"],"featured_image_urls_v2":{"full":"","thumbnail":"","medium":"","medium_large":"","large":"","1536x1536":"","2048x2048":"","menu-24x24":"","menu-36x36":"","menu-48x48":""},"post_excerpt_stackable_v2":"<p>Division of Mathematical Methods in Physics Seminar Date: 07.11.2022Place: Room\u00a0416\u00a010:15Subject: Phase space description of quantum opticsPerson: Nazarii SudakAbstract: A classical particle has a definite position and momentum and is therefore represented as a point in phase space. When there is a set of particles, the probability of finding a particle in a certain small volume of phase space is given by the probability distribution function. This is not true for a quantum particle due to the uncertainty principle. Instead, one can introduce a quasi-probability distribution, which is not required to satisfy all the properties of a normal probability distribution function.&hellip;<\/p>\n","category_list_v2":"Uncategorized","author_info_v2":{"name":"kswistak","url":"https:\/\/wfa.uwr.edu.pl\/en\/author\/kswistak\/"},"comments_num_v2":"0 comments","acf":[],"yoast_head":"<!-- This site is optimized with the Yoast SEO plugin v27.1.1 - https:\/\/yoast.com\/product\/yoast-seo-wordpress\/ -->\n<title>Division of Mathematical Methods in Physics Seminar - Faculty of Physics and Astronomy<\/title>\n<meta name=\"description\" content=\"Wydzia\u0142 Fizyki i Astronomii\" \/>\n<meta name=\"robots\" content=\"index, follow, max-snippet:-1, max-image-preview:large, max-video-preview:-1\" \/>\n<link rel=\"canonical\" href=\"https:\/\/wfa.uwr.edu.pl\/en\/institute-of-theoretical-physics\/seminars\/division-of-mathematical-methods-in-physics-seminar\/\" \/>\n<meta property=\"og:locale\" content=\"en_US\" \/>\n<meta property=\"og:type\" content=\"article\" \/>\n<meta property=\"og:title\" content=\"Division of Mathematical Methods in Physics Seminar - Faculty of Physics and Astronomy\" \/>\n<meta property=\"og:description\" content=\"Wydzia\u0142 Fizyki i Astronomii\" \/>\n<meta property=\"og:url\" content=\"https:\/\/wfa.uwr.edu.pl\/en\/institute-of-theoretical-physics\/seminars\/division-of-mathematical-methods-in-physics-seminar\/\" \/>\n<meta property=\"og:site_name\" content=\"Faculty of Physics and Astronomy\" \/>\n<meta property=\"article:modified_time\" content=\"2025-02-06T11:02:00+00:00\" \/>\n<meta name=\"twitter:card\" content=\"summary_large_image\" \/>\n<meta name=\"twitter:label1\" content=\"Est. reading time\" \/>\n\t<meta name=\"twitter:data1\" content=\"3 minutes\" \/>\n<script type=\"application\/ld+json\" class=\"yoast-schema-graph\">{\"@context\":\"https:\/\/schema.org\",\"@graph\":[{\"@type\":\"WebPage\",\"@id\":\"https:\/\/wfa.uwr.edu.pl\/en\/institute-of-theoretical-physics\/seminars\/division-of-mathematical-methods-in-physics-seminar\/\",\"url\":\"https:\/\/wfa.uwr.edu.pl\/en\/institute-of-theoretical-physics\/seminars\/division-of-mathematical-methods-in-physics-seminar\/\",\"name\":\"Division of Mathematical Methods in Physics Seminar - Faculty of Physics and Astronomy\",\"isPartOf\":{\"@id\":\"https:\/\/wfa.uwr.edu.pl\/#website\"},\"primaryImageOfPage\":{\"@id\":\"https:\/\/wfa.uwr.edu.pl\/en\/institute-of-theoretical-physics\/seminars\/division-of-mathematical-methods-in-physics-seminar\/#primaryimage\"},\"image\":{\"@id\":\"https:\/\/wfa.uwr.edu.pl\/en\/institute-of-theoretical-physics\/seminars\/division-of-mathematical-methods-in-physics-seminar\/#primaryimage\"},\"thumbnailUrl\":\"\",\"datePublished\":\"2025-02-06T11:01:56+00:00\",\"dateModified\":\"2025-02-06T11:02:00+00:00\",\"description\":\"Wydzia\u0142 Fizyki i Astronomii\",\"breadcrumb\":{\"@id\":\"https:\/\/wfa.uwr.edu.pl\/en\/institute-of-theoretical-physics\/seminars\/division-of-mathematical-methods-in-physics-seminar\/#breadcrumb\"},\"inLanguage\":\"en-US\",\"potentialAction\":[{\"@type\":\"ReadAction\",\"target\":[\"https:\/\/wfa.uwr.edu.pl\/en\/institute-of-theoretical-physics\/seminars\/division-of-mathematical-methods-in-physics-seminar\/\"]}]},{\"@type\":\"ImageObject\",\"inLanguage\":\"en-US\",\"@id\":\"https:\/\/wfa.uwr.edu.pl\/en\/institute-of-theoretical-physics\/seminars\/division-of-mathematical-methods-in-physics-seminar\/#primaryimage\",\"url\":\"\",\"contentUrl\":\"\"},{\"@type\":\"BreadcrumbList\",\"@id\":\"https:\/\/wfa.uwr.edu.pl\/en\/institute-of-theoretical-physics\/seminars\/division-of-mathematical-methods-in-physics-seminar\/#breadcrumb\",\"itemListElement\":[{\"@type\":\"ListItem\",\"position\":1,\"name\":\"Strona g\u0142\u00f3wna\",\"item\":\"https:\/\/wfa.uwr.edu.pl\/en\/\"},{\"@type\":\"ListItem\",\"position\":2,\"name\":\"Institute of Theoretical Physics\",\"item\":\"https:\/\/wfa.uwr.edu.pl\/en\/institute-of-theoretical-physics\/\"},{\"@type\":\"ListItem\",\"position\":3,\"name\":\"Seminars\",\"item\":\"https:\/\/wfa.uwr.edu.pl\/en\/institute-of-theoretical-physics\/seminars\/\"},{\"@type\":\"ListItem\",\"position\":4,\"name\":\"Division of Mathematical Methods in Physics Seminar\"}]},{\"@type\":\"WebSite\",\"@id\":\"https:\/\/wfa.uwr.edu.pl\/#website\",\"url\":\"https:\/\/wfa.uwr.edu.pl\/\",\"name\":\"Faculty of Physics and Astronomy\",\"description\":\"Kolejna witryna sieci \u201eUWR Witryny\u201d\",\"potentialAction\":[{\"@type\":\"SearchAction\",\"target\":{\"@type\":\"EntryPoint\",\"urlTemplate\":\"https:\/\/wfa.uwr.edu.pl\/?s={search_term_string}\"},\"query-input\":{\"@type\":\"PropertyValueSpecification\",\"valueRequired\":true,\"valueName\":\"search_term_string\"}}],\"inLanguage\":\"en-US\"}]}<\/script>\n<!-- \/ Yoast SEO plugin. -->","yoast_head_json":{"title":"Division of Mathematical Methods in Physics Seminar - Faculty of Physics and Astronomy","description":"Wydzia\u0142 Fizyki i Astronomii","robots":{"index":"index","follow":"follow","max-snippet":"max-snippet:-1","max-image-preview":"max-image-preview:large","max-video-preview":"max-video-preview:-1"},"canonical":"https:\/\/wfa.uwr.edu.pl\/en\/institute-of-theoretical-physics\/seminars\/division-of-mathematical-methods-in-physics-seminar\/","og_locale":"en_US","og_type":"article","og_title":"Division of Mathematical Methods in Physics Seminar - Faculty of Physics and Astronomy","og_description":"Wydzia\u0142 Fizyki i Astronomii","og_url":"https:\/\/wfa.uwr.edu.pl\/en\/institute-of-theoretical-physics\/seminars\/division-of-mathematical-methods-in-physics-seminar\/","og_site_name":"Faculty of Physics and Astronomy","article_modified_time":"2025-02-06T11:02:00+00:00","twitter_card":"summary_large_image","twitter_misc":{"Est. reading time":"3 minutes"},"schema":{"@context":"https:\/\/schema.org","@graph":[{"@type":"WebPage","@id":"https:\/\/wfa.uwr.edu.pl\/en\/institute-of-theoretical-physics\/seminars\/division-of-mathematical-methods-in-physics-seminar\/","url":"https:\/\/wfa.uwr.edu.pl\/en\/institute-of-theoretical-physics\/seminars\/division-of-mathematical-methods-in-physics-seminar\/","name":"Division of Mathematical Methods in Physics Seminar - Faculty of Physics and Astronomy","isPartOf":{"@id":"https:\/\/wfa.uwr.edu.pl\/#website"},"primaryImageOfPage":{"@id":"https:\/\/wfa.uwr.edu.pl\/en\/institute-of-theoretical-physics\/seminars\/division-of-mathematical-methods-in-physics-seminar\/#primaryimage"},"image":{"@id":"https:\/\/wfa.uwr.edu.pl\/en\/institute-of-theoretical-physics\/seminars\/division-of-mathematical-methods-in-physics-seminar\/#primaryimage"},"thumbnailUrl":"","datePublished":"2025-02-06T11:01:56+00:00","dateModified":"2025-02-06T11:02:00+00:00","description":"Wydzia\u0142 Fizyki i Astronomii","breadcrumb":{"@id":"https:\/\/wfa.uwr.edu.pl\/en\/institute-of-theoretical-physics\/seminars\/division-of-mathematical-methods-in-physics-seminar\/#breadcrumb"},"inLanguage":"en-US","potentialAction":[{"@type":"ReadAction","target":["https:\/\/wfa.uwr.edu.pl\/en\/institute-of-theoretical-physics\/seminars\/division-of-mathematical-methods-in-physics-seminar\/"]}]},{"@type":"ImageObject","inLanguage":"en-US","@id":"https:\/\/wfa.uwr.edu.pl\/en\/institute-of-theoretical-physics\/seminars\/division-of-mathematical-methods-in-physics-seminar\/#primaryimage","url":"","contentUrl":""},{"@type":"BreadcrumbList","@id":"https:\/\/wfa.uwr.edu.pl\/en\/institute-of-theoretical-physics\/seminars\/division-of-mathematical-methods-in-physics-seminar\/#breadcrumb","itemListElement":[{"@type":"ListItem","position":1,"name":"Strona g\u0142\u00f3wna","item":"https:\/\/wfa.uwr.edu.pl\/en\/"},{"@type":"ListItem","position":2,"name":"Institute of Theoretical Physics","item":"https:\/\/wfa.uwr.edu.pl\/en\/institute-of-theoretical-physics\/"},{"@type":"ListItem","position":3,"name":"Seminars","item":"https:\/\/wfa.uwr.edu.pl\/en\/institute-of-theoretical-physics\/seminars\/"},{"@type":"ListItem","position":4,"name":"Division of Mathematical Methods in Physics Seminar"}]},{"@type":"WebSite","@id":"https:\/\/wfa.uwr.edu.pl\/#website","url":"https:\/\/wfa.uwr.edu.pl\/","name":"Faculty of Physics and Astronomy","description":"Kolejna witryna sieci \u201eUWR Witryny\u201d","potentialAction":[{"@type":"SearchAction","target":{"@type":"EntryPoint","urlTemplate":"https:\/\/wfa.uwr.edu.pl\/?s={search_term_string}"},"query-input":{"@type":"PropertyValueSpecification","valueRequired":true,"valueName":"search_term_string"}}],"inLanguage":"en-US"}]}},"publishpress_future_action":{"enabled":false,"date":"2026-05-20 10:40:39","action":"change-status","newStatus":"draft","terms":[],"taxonomy":"category","extraData":[]},"publishpress_future_workflow_manual_trigger":{"enabledWorkflows":[]},"_links":{"self":[{"href":"https:\/\/wfa.uwr.edu.pl\/en\/wp-json\/wp\/v2\/pages\/84682\/"}],"collection":[{"href":"https:\/\/wfa.uwr.edu.pl\/en\/wp-json\/wp\/v2\/pages\/"}],"about":[{"href":"https:\/\/wfa.uwr.edu.pl\/en\/wp-json\/wp\/v2\/types\/page\/"}],"author":[{"embeddable":true,"href":"https:\/\/wfa.uwr.edu.pl\/en\/wp-json\/wp\/v2\/users\/7182\/"}],"replies":[{"embeddable":true,"href":"https:\/\/wfa.uwr.edu.pl\/en\/wp-json\/wp\/v2\/comments\/?post=84682"}],"version-history":[{"count":1,"href":"https:\/\/wfa.uwr.edu.pl\/en\/wp-json\/wp\/v2\/pages\/84682\/revisions\/"}],"predecessor-version":[{"id":84685,"href":"https:\/\/wfa.uwr.edu.pl\/en\/wp-json\/wp\/v2\/pages\/84682\/revisions\/84685\/"}],"up":[{"embeddable":true,"href":"https:\/\/wfa.uwr.edu.pl\/en\/wp-json\/wp\/v2\/pages\/84631\/"}],"wp:featuredmedia":[{"embeddable":true,"href":"https:\/\/wfa.uwr.edu.pl\/en\/wp-json\/"}],"wp:attachment":[{"href":"https:\/\/wfa.uwr.edu.pl\/en\/wp-json\/wp\/v2\/media\/?parent=84682"}],"wp:term":[{"taxonomy":"category","embeddable":true,"href":"https:\/\/wfa.uwr.edu.pl\/en\/wp-json\/wp\/v2\/categories\/?post=84682"},{"taxonomy":"post_tag","embeddable":true,"href":"https:\/\/wfa.uwr.edu.pl\/en\/wp-json\/wp\/v2\/tags\/?post=84682"}],"curies":[{"name":"wp","href":"https:\/\/api.w.org\/{rel}","templated":true}]}}