{"id":84676,"date":"2025-02-06T11:51:57","date_gmt":"2025-02-06T10:51:57","guid":{"rendered":"https:\/\/wfa.uwr.edu.pl\/?page_id=84676"},"modified":"2025-02-06T11:52:02","modified_gmt":"2025-02-06T10:52:02","slug":"division-of-applied-computer-science-and-statistical-physics-seminar","status":"publish","type":"page","link":"https:\/\/wfa.uwr.edu.pl\/en\/institute-of-theoretical-physics\/seminars\/division-of-applied-computer-science-and-statistical-physics-seminar\/","title":{"rendered":"Division of Applied Computer Science and Statistical Physics Seminar"},"content":{"rendered":"\n<div class=\"wp-block-ugb-container ugb-container blok_nowa_podstrona ugb-8dda971 ugb-container--v2 ugb-container--design-plain ugb-main-block\"><div class=\"ugb-inner-block\"><div class=\"ugb-block-content\"><div class=\"ugb-container__wrapper ugb-8dda971-wrapper\"><div class=\"ugb-container__side\"><div class=\"ugb-container__content-wrapper ugb-8dda971-content-wrapper\">\n<div class=\"wp-block-columns bs-news-page is-layout-flex wp-block-columns-is-layout-flex\">\n<div class=\"wp-block-column bs-kontakt-photo is-layout-flow wp-block-column-is-layout-flow\">\n<figure class=\"wp-block-image size-large\"><img decoding=\"async\" src=\"https:\/\/wfa.uwr.edu.pl\/wp-content\/uploads\/sites\/216\/2022\/06\/pexels-icsa-1709003-1024x683.jpg\" alt=\"Seminarium\" class=\"wp-image-25708\"\/><\/figure>\n<\/div>\n\n\n\n<div class=\"wp-block-column bs-contact-right-column is-layout-flow wp-block-column-is-layout-flow\">\n<div class=\"wp-block-bonasoft-modular-breadcrumbs-block\"><div class=\"bs_add_breadcrumb_trail\"><\/div><\/div>\n\n\n\n<hr class=\"wp-block-separator has-text-color has-black-color has-css-opacity has-black-background-color has-background is-style-wide bs-border-kontakt\"\/>\n\n\n<h1 style=\"font-style:normal;font-weight:700;\" class=\"bs-naglowek-podstrony wp-block-post-title\">Division of Applied Computer Science and Statistical Physics Seminar<\/h1><\/div>\n<\/div>\n\n\n\n<div class=\"wp-block-ugb-container ugb-container bs-news-page-under ugb-f8694ce ugb-container--v2 ugb-container--design-plain ugb-main-block\"><div class=\"ugb-inner-block\"><div class=\"ugb-block-content\"><div class=\"ugb-container__wrapper ugb-f8694ce-wrapper\"><div class=\"ugb-container__side\"><div class=\"ugb-container__content-wrapper ugb-f8694ce-content-wrapper\">\n<p><strong>Date<\/strong>: 19.11.2021<br><strong>Place<\/strong>: Room\u00a0119\u00a010:15<br><strong>Subject<\/strong>: Rozwi\u0105zywanie r\u00f3wna\u0144 Maxwella w strukturach dielektrycznych<br><strong>Person<\/strong>: <em>Andrzej Szczepkowicz, Dmytro Konakhovych, Damian \u015anie\u017cek<\/em><br><strong>Abstract<\/strong>: Chocia\u017c r\u00f3wnania Maxwella maj\u0105 ju\u017c 150 lat, to na u\u017cytek wsp\u00f3\u0142czesnej techniki wci\u0105\u017c poszukuje si\u0119 nowych ich rozwi\u0105za\u0144; poszukuje si\u0119 tak\u017ce nowych struktur optycznych, dla kt\u00f3rych istniej\u0105 po\u017c\u0105dane typy rozwi\u0105za\u0144. Przyk\u0142adem mo\u017ce by\u0107 intensywnie rozwijaj\u0105ca si\u0119 technika optycznych akcelerator\u00f3w cz\u0105stek, w kt\u00f3rej czynnikiem nap\u0119dzaj\u0105cym cz\u0105stki, zamiast dotychczas stosowanych mikrofal, jest \u015bwiat\u0142o laserowe. Jedn\u0105 z nowinek w dziedzinie projektowania dielektrycznych struktur przyspieszaj\u0105cych jest tzw. projektowanie odwrotne (photonic inverse design), w kt\u00f3rym algorytmy zast\u0119puj\u0105 intuicj\u0119 projektanta.<\/p>\n\n\n\n<p><strong>Date<\/strong>: 25.10.2019<br><strong>Place<\/strong>: Room\u00a0447\u00a010:15<br><strong>Subject<\/strong>: Dynamika multifraktali finansowych<br><strong>Person<\/strong>: <em>dr hab. Pawe\u0142 O\u015bwi\u0119cimka, prof. INP PAS Krak\u00f3w<\/em><br><strong>Abstract<\/strong>: Cech\u0105 charakterystyczn\u0105 uk\u0142ad\u00f3w z\u0142o\u017conych jest ich wieloskalowa organizacja, kt\u00f3r\u0105 mo\u017cna zidentyfikowa\u0107 oraz ilo\u015bciowo opisa\u0107 w ramach analizy multifraktalnej. Podczas mojego referatu zaprezentuj\u0119 wyniki analizy multifraktalnej finansowych szereg\u00f3w czasowych. Poka\u017c\u0119, \u017ce w\u0142asno\u015bci wieloskalowe przedmiotowych szereg\u00f3w zale\u017c\u0105 od rozwa\u017canego okresu w czasie i typowo s\u0105 skorelowane z wydarzeniami historycznymi maj\u0105cymi odzwierciedlenie w globalnej ekonomii. Analiza w\u0142asno\u015bci multifraktalnych mo\u017ce stanowi\u0107 zatem bardzo u\u017cyteczne narz\u0119dzie in\u017cynierii finansowej pomocnej w stabilizacji rynku w okresach jego du\u017cej zmienno\u015bci.<\/p>\n\n\n\n<p><strong>Date<\/strong>: 24.05.2019<br><strong>Place<\/strong>: Room\u00a0447\u00a010:15<br><strong>Subject<\/strong>: Nowe wyniki w modelu perkolacji hipersfer<br><strong>Person<\/strong>: <em>Piotr Brzeski<\/em><br><strong>Abstract<\/strong>: Podczas seminarium zostan\u0105 zaprezentowane wyniki najnowszych symulacji dla modelu perkolacji dyskretnej hipersfer na D-wymiarowej sieci hiperkubicznej.<\/p>\n\n\n\n<p><strong>Date<\/strong>: 09.11.2018<br><strong>Place<\/strong>: Room\u00a0447\u00a010:15<br><strong>Subject<\/strong>: R\u00f3\u017cne aspekty teorii grawitacji<br><strong>Person<\/strong>: <em>Remigiusz Durka<\/em><br><strong>Abstract<\/strong>: Postaram si\u0119 pobie\u017cnie zaprezentowa\u0107 swoj\u0105 tematyk\u0119 badawcz\u0105 dotycz\u0105c\u0105 grawitacji. Cz\u0119\u015b\u0107 temat\u00f3w dotyczy\u0107 b\u0119dzie zagadnie\u0144 formalnych (np. konstrukcji modeli grawitacyjnych wynikaj\u0105cych z r\u00f3\u017cnych uog\u00f3lnie\u0144), ale nie zabraknie te\u017c bardziej obliczeniowych aspekt\u00f3w (np. algebry rezonansowe, obliczenia skalara Kretschmanna i innych niezmiennik\u00f3w). Do\u015b\u0107 ciekaw\u0105 grup\u0105 b\u0119d\u0105 te\u017c zagadnienia na styku teorii grawitacji i elektromagnetyzmu (czasoprzestrze\u0144 z grawitacyjnym analogiem monopolu magnetycznego oraz opis topologicznych izolator\u00f3w przy u\u017cyciu maszynerii teorii grawitacji w 2+1 wymiarach).<\/p>\n\n\n\n<p><strong>Date<\/strong>: 11.10.2018<br><strong>Place<\/strong>: Room\u00a0422\u00a014:15<br><strong>Subject<\/strong>: Relacyjne i nierelacyjne bazy i modele danych &#8211; por\u00f3wnanie na przyk\u0142adzie bazy grafowej.<br><strong>Person<\/strong>: <em>Przemys\u0142aw Socha<\/em><br><strong>Abstract<\/strong>: Podczas pierwszego wyst\u0105pienia przedstawi\u0119 wyniki z mojej pracy magisterskiej, kt\u00f3ra dotyczy\u0142a por\u00f3wnania modelu relacyjnego i grafowego w kontek\u015bcie wydajno\u015bci tworzonej bazy danych. Dodatkowo opowiem o pozosta\u0142ych popularnych nierelacyjnych systemach przetwarzania danych.<\/p>\n\n\n\n<p><strong>Date<\/strong>: 12.01.2018<br><strong>Place<\/strong>: Sala\u00a0447\u00a010:15<br><strong>Subject<\/strong>: Propozycja prostego modelu wzrostu mikrostruktur z zawiesiny cz\u0105stek.<br><strong>Person<\/strong>: <em>Tomasz Wysocza\u0144ski<\/em><br><strong>Abstract<\/strong>: [Seminarium robocze] Na seminarium chcia\u0142bym zaprezentowa\u0107 pomys\u0142 wzgl\u0119dnie prostego modelu budowania mikrostruktur przy pomocy si\u0142y dielektroforetycznej. Przedstawi\u0119 szczeg\u00f3\u0142y modelu, jego dzia\u0142anie oraz parametry. Ponadto om\u00f3wi\u0119 otrzymane wyniki, por\u00f3wnuj\u0105c je z obserwacjami eksperymentalnymi. Pokr\u00f3tce o modelu: przedstawia on zawiesin\u0119 cz\u0105stek (budulca) oraz mikroelektrody. Uk\u0142ad zdefiniowany jest na sieci kwadratowej. Cz\u0105stki i elektrody s\u0105 opisywane przez zaj\u0119te w\u0119z\u0142y tej sieci. Ruch cz\u0105stek jest realizowany przez losowe przej\u015bcia mi\u0119dzy s\u0105siednimi w\u0119z\u0142ami. Budowanie struktury polega na do\u0142\u0105czaniu cz\u0105stek do elektrody, je\u017celi dojdzie do kolizji cz\u0105stka-elektroda (podobnie jak w agregacji ograniczonej dyfuzj\u0105). Zar\u00f3wno na ruch cz\u0105stek, jak i przy\u0142\u0105czenie do elektrod narzucone zosta\u0142y dodatkowe warunki, maj\u0105ce odzwierciedli\u0107 dzia\u0142anie si\u0142y dielektroforetycznej.<\/p>\n<\/div><\/div><\/div><\/div><\/div><\/div>\n<\/div><\/div><\/div><\/div><\/div><\/div>\n","protected":false},"excerpt":{"rendered":"<p>Date: 19.11.2021Place: Room\u00a0119\u00a010:15Subject: Rozwi\u0105zywanie r\u00f3wna\u0144 Maxwella w strukturach dielektrycznychPerson: Andrzej Szczepkowicz, Dmytro Konakhovych, Damian \u015anie\u017cekAbstract: Chocia\u017c r\u00f3wnania Maxwella maj\u0105 ju\u017c 150 lat, to na u\u017cytek wsp\u00f3\u0142czesnej techniki wci\u0105\u017c poszukuje si\u0119 nowych ich rozwi\u0105za\u0144; poszukuje si\u0119 tak\u017ce nowych struktur optycznych, dla kt\u00f3rych istniej\u0105 po\u017c\u0105dane typy rozwi\u0105za\u0144. Przyk\u0142adem mo\u017ce by\u0107 intensywnie rozwijaj\u0105ca si\u0119 technika optycznych akcelerator\u00f3w cz\u0105stek, [&hellip;]<\/p>\n","protected":false},"author":7182,"featured_media":25708,"parent":84631,"menu_order":4,"comment_status":"closed","ping_status":"closed","template":"","meta":{"_acf_changed":false,"inline_featured_image":false,"site-sidebar-layout":"default","site-content-layout":"","ast-site-content-layout":"default","site-content-style":"default","site-sidebar-style":"default","ast-global-header-display":"","ast-banner-title-visibility":"","ast-main-header-display":"","ast-hfb-above-header-display":"","ast-hfb-below-header-display":"","ast-hfb-mobile-header-display":"","site-post-title":"","ast-breadcrumbs-content":"","ast-featured-img":"","footer-sml-layout":"","ast-disable-related-posts":"","theme-transparent-header-meta":"","adv-header-id-meta":"","stick-header-meta":"","header-above-stick-meta":"","header-main-stick-meta":"","header-below-stick-meta":"","astra-migrate-meta-layouts":"set","ast-page-background-enabled":"default","ast-page-background-meta":{"desktop":{"background-color":"","background-image":"","background-repeat":"repeat","background-position":"center center","background-size":"auto","background-attachment":"scroll","background-type":"","background-media":"","overlay-type":"","overlay-color":"","overlay-opacity":"","overlay-gradient":""},"tablet":{"background-color":"","background-image":"","background-repeat":"repeat","background-position":"center center","background-size":"auto","background-attachment":"scroll","background-type":"","background-media":"","overlay-type":"","overlay-color":"","overlay-opacity":"","overlay-gradient":""},"mobile":{"background-color":"","background-image":"","background-repeat":"repeat","background-position":"center center","background-size":"auto","background-attachment":"scroll","background-type":"","background-media":"","overlay-type":"","overlay-color":"","overlay-opacity":"","overlay-gradient":""}},"ast-content-background-meta":{"desktop":{"background-color":"var(--ast-global-color-5)","background-image":"","background-repeat":"repeat","background-position":"center center","background-size":"auto","background-attachment":"scroll","background-type":"","background-media":"","overlay-type":"","overlay-color":"","overlay-opacity":"","overlay-gradient":""},"tablet":{"background-color":"var(--ast-global-color-5)","background-image":"","background-repeat":"repeat","background-position":"center center","background-size":"auto","background-attachment":"scroll","background-type":"","background-media":"","overlay-type":"","overlay-color":"","overlay-opacity":"","overlay-gradient":""},"mobile":{"background-color":"var(--ast-global-color-5)","background-image":"","background-repeat":"repeat","background-position":"center center","background-size":"auto","background-attachment":"scroll","background-type":"","background-media":"","overlay-type":"","overlay-color":"","overlay-opacity":"","overlay-gradient":""}},"footnotes":""},"categories":[],"tags":[],"class_list":["post-84676","page","type-page","status-publish","has-post-thumbnail","hentry"],"featured_image_urls_v2":{"full":"","thumbnail":"","medium":"","medium_large":"","large":"","1536x1536":"","2048x2048":"","menu-24x24":"","menu-36x36":"","menu-48x48":""},"post_excerpt_stackable_v2":"<p>Division of Applied Computer Science and Statistical Physics Seminar Date: 19.11.2021Place: Room\u00a0119\u00a010:15Subject: Rozwi\u0105zywanie r\u00f3wna\u0144 Maxwella w strukturach dielektrycznychPerson: Andrzej Szczepkowicz, Dmytro Konakhovych, Damian \u015anie\u017cekAbstract: Chocia\u017c r\u00f3wnania Maxwella maj\u0105 ju\u017c 150 lat, to na u\u017cytek wsp\u00f3\u0142czesnej techniki wci\u0105\u017c poszukuje si\u0119 nowych ich rozwi\u0105za\u0144; poszukuje si\u0119 tak\u017ce nowych struktur optycznych, dla kt\u00f3rych istniej\u0105 po\u017c\u0105dane typy rozwi\u0105za\u0144. Przyk\u0142adem mo\u017ce by\u0107 intensywnie rozwijaj\u0105ca si\u0119 technika optycznych akcelerator\u00f3w cz\u0105stek, w kt\u00f3rej czynnikiem nap\u0119dzaj\u0105cym cz\u0105stki, zamiast dotychczas stosowanych mikrofal, jest \u015bwiat\u0142o laserowe. Jedn\u0105 z nowinek w dziedzinie projektowania dielektrycznych struktur przyspieszaj\u0105cych jest tzw. projektowanie odwrotne (photonic inverse design), w kt\u00f3rym algorytmy zast\u0119puj\u0105 intuicj\u0119 projektanta. Date: 25.10.2019Place:&hellip;<\/p>\n","category_list_v2":"Uncategorized","author_info_v2":{"name":"kswistak","url":"https:\/\/wfa.uwr.edu.pl\/en\/author\/kswistak\/"},"comments_num_v2":"0 comments","acf":[],"yoast_head":"<!-- This site is optimized with the Yoast SEO plugin v27.1.1 - https:\/\/yoast.com\/product\/yoast-seo-wordpress\/ -->\n<title>Division of Applied Computer Science and Statistical Physics Seminar - Faculty of Physics and Astronomy<\/title>\n<meta name=\"description\" content=\"Wydzia\u0142 Fizyki i Astronomii\" \/>\n<meta name=\"robots\" content=\"index, follow, max-snippet:-1, max-image-preview:large, max-video-preview:-1\" \/>\n<link rel=\"canonical\" href=\"https:\/\/wfa.uwr.edu.pl\/en\/institute-of-theoretical-physics\/seminars\/division-of-applied-computer-science-and-statistical-physics-seminar\/\" \/>\n<meta property=\"og:locale\" content=\"en_US\" \/>\n<meta property=\"og:type\" content=\"article\" \/>\n<meta property=\"og:title\" content=\"Division of Applied Computer Science and Statistical Physics Seminar - Faculty of Physics and Astronomy\" \/>\n<meta property=\"og:description\" content=\"Wydzia\u0142 Fizyki i Astronomii\" \/>\n<meta property=\"og:url\" content=\"https:\/\/wfa.uwr.edu.pl\/en\/institute-of-theoretical-physics\/seminars\/division-of-applied-computer-science-and-statistical-physics-seminar\/\" \/>\n<meta property=\"og:site_name\" content=\"Faculty of Physics and Astronomy\" \/>\n<meta property=\"article:modified_time\" content=\"2025-02-06T10:52:02+00:00\" \/>\n<meta name=\"twitter:card\" content=\"summary_large_image\" \/>\n<meta name=\"twitter:label1\" content=\"Est. reading time\" \/>\n\t<meta name=\"twitter:data1\" content=\"4 minutes\" \/>\n<script type=\"application\/ld+json\" class=\"yoast-schema-graph\">{\"@context\":\"https:\/\/schema.org\",\"@graph\":[{\"@type\":\"WebPage\",\"@id\":\"https:\/\/wfa.uwr.edu.pl\/en\/institute-of-theoretical-physics\/seminars\/division-of-applied-computer-science-and-statistical-physics-seminar\/\",\"url\":\"https:\/\/wfa.uwr.edu.pl\/en\/institute-of-theoretical-physics\/seminars\/division-of-applied-computer-science-and-statistical-physics-seminar\/\",\"name\":\"Division of Applied Computer Science and Statistical Physics Seminar - Faculty of Physics and Astronomy\",\"isPartOf\":{\"@id\":\"https:\/\/wfa.uwr.edu.pl\/#website\"},\"primaryImageOfPage\":{\"@id\":\"https:\/\/wfa.uwr.edu.pl\/en\/institute-of-theoretical-physics\/seminars\/division-of-applied-computer-science-and-statistical-physics-seminar\/#primaryimage\"},\"image\":{\"@id\":\"https:\/\/wfa.uwr.edu.pl\/en\/institute-of-theoretical-physics\/seminars\/division-of-applied-computer-science-and-statistical-physics-seminar\/#primaryimage\"},\"thumbnailUrl\":\"\",\"datePublished\":\"2025-02-06T10:51:57+00:00\",\"dateModified\":\"2025-02-06T10:52:02+00:00\",\"description\":\"Wydzia\u0142 Fizyki i Astronomii\",\"breadcrumb\":{\"@id\":\"https:\/\/wfa.uwr.edu.pl\/en\/institute-of-theoretical-physics\/seminars\/division-of-applied-computer-science-and-statistical-physics-seminar\/#breadcrumb\"},\"inLanguage\":\"en-US\",\"potentialAction\":[{\"@type\":\"ReadAction\",\"target\":[\"https:\/\/wfa.uwr.edu.pl\/en\/institute-of-theoretical-physics\/seminars\/division-of-applied-computer-science-and-statistical-physics-seminar\/\"]}]},{\"@type\":\"ImageObject\",\"inLanguage\":\"en-US\",\"@id\":\"https:\/\/wfa.uwr.edu.pl\/en\/institute-of-theoretical-physics\/seminars\/division-of-applied-computer-science-and-statistical-physics-seminar\/#primaryimage\",\"url\":\"\",\"contentUrl\":\"\"},{\"@type\":\"BreadcrumbList\",\"@id\":\"https:\/\/wfa.uwr.edu.pl\/en\/institute-of-theoretical-physics\/seminars\/division-of-applied-computer-science-and-statistical-physics-seminar\/#breadcrumb\",\"itemListElement\":[{\"@type\":\"ListItem\",\"position\":1,\"name\":\"Strona g\u0142\u00f3wna\",\"item\":\"https:\/\/wfa.uwr.edu.pl\/en\/\"},{\"@type\":\"ListItem\",\"position\":2,\"name\":\"Institute of Theoretical Physics\",\"item\":\"https:\/\/wfa.uwr.edu.pl\/en\/institute-of-theoretical-physics\/\"},{\"@type\":\"ListItem\",\"position\":3,\"name\":\"Seminars\",\"item\":\"https:\/\/wfa.uwr.edu.pl\/en\/institute-of-theoretical-physics\/seminars\/\"},{\"@type\":\"ListItem\",\"position\":4,\"name\":\"Division of Applied Computer Science and Statistical Physics Seminar\"}]},{\"@type\":\"WebSite\",\"@id\":\"https:\/\/wfa.uwr.edu.pl\/#website\",\"url\":\"https:\/\/wfa.uwr.edu.pl\/\",\"name\":\"Faculty of Physics and Astronomy\",\"description\":\"Kolejna witryna sieci \u201eUWR Witryny\u201d\",\"potentialAction\":[{\"@type\":\"SearchAction\",\"target\":{\"@type\":\"EntryPoint\",\"urlTemplate\":\"https:\/\/wfa.uwr.edu.pl\/?s={search_term_string}\"},\"query-input\":{\"@type\":\"PropertyValueSpecification\",\"valueRequired\":true,\"valueName\":\"search_term_string\"}}],\"inLanguage\":\"en-US\"}]}<\/script>\n<!-- \/ Yoast SEO plugin. -->","yoast_head_json":{"title":"Division of Applied Computer Science and Statistical Physics Seminar - Faculty of Physics and Astronomy","description":"Wydzia\u0142 Fizyki i Astronomii","robots":{"index":"index","follow":"follow","max-snippet":"max-snippet:-1","max-image-preview":"max-image-preview:large","max-video-preview":"max-video-preview:-1"},"canonical":"https:\/\/wfa.uwr.edu.pl\/en\/institute-of-theoretical-physics\/seminars\/division-of-applied-computer-science-and-statistical-physics-seminar\/","og_locale":"en_US","og_type":"article","og_title":"Division of Applied Computer Science and Statistical Physics Seminar - Faculty of Physics and Astronomy","og_description":"Wydzia\u0142 Fizyki i Astronomii","og_url":"https:\/\/wfa.uwr.edu.pl\/en\/institute-of-theoretical-physics\/seminars\/division-of-applied-computer-science-and-statistical-physics-seminar\/","og_site_name":"Faculty of Physics and Astronomy","article_modified_time":"2025-02-06T10:52:02+00:00","twitter_card":"summary_large_image","twitter_misc":{"Est. reading time":"4 minutes"},"schema":{"@context":"https:\/\/schema.org","@graph":[{"@type":"WebPage","@id":"https:\/\/wfa.uwr.edu.pl\/en\/institute-of-theoretical-physics\/seminars\/division-of-applied-computer-science-and-statistical-physics-seminar\/","url":"https:\/\/wfa.uwr.edu.pl\/en\/institute-of-theoretical-physics\/seminars\/division-of-applied-computer-science-and-statistical-physics-seminar\/","name":"Division of Applied Computer Science and Statistical Physics Seminar - Faculty of Physics and Astronomy","isPartOf":{"@id":"https:\/\/wfa.uwr.edu.pl\/#website"},"primaryImageOfPage":{"@id":"https:\/\/wfa.uwr.edu.pl\/en\/institute-of-theoretical-physics\/seminars\/division-of-applied-computer-science-and-statistical-physics-seminar\/#primaryimage"},"image":{"@id":"https:\/\/wfa.uwr.edu.pl\/en\/institute-of-theoretical-physics\/seminars\/division-of-applied-computer-science-and-statistical-physics-seminar\/#primaryimage"},"thumbnailUrl":"","datePublished":"2025-02-06T10:51:57+00:00","dateModified":"2025-02-06T10:52:02+00:00","description":"Wydzia\u0142 Fizyki i Astronomii","breadcrumb":{"@id":"https:\/\/wfa.uwr.edu.pl\/en\/institute-of-theoretical-physics\/seminars\/division-of-applied-computer-science-and-statistical-physics-seminar\/#breadcrumb"},"inLanguage":"en-US","potentialAction":[{"@type":"ReadAction","target":["https:\/\/wfa.uwr.edu.pl\/en\/institute-of-theoretical-physics\/seminars\/division-of-applied-computer-science-and-statistical-physics-seminar\/"]}]},{"@type":"ImageObject","inLanguage":"en-US","@id":"https:\/\/wfa.uwr.edu.pl\/en\/institute-of-theoretical-physics\/seminars\/division-of-applied-computer-science-and-statistical-physics-seminar\/#primaryimage","url":"","contentUrl":""},{"@type":"BreadcrumbList","@id":"https:\/\/wfa.uwr.edu.pl\/en\/institute-of-theoretical-physics\/seminars\/division-of-applied-computer-science-and-statistical-physics-seminar\/#breadcrumb","itemListElement":[{"@type":"ListItem","position":1,"name":"Strona g\u0142\u00f3wna","item":"https:\/\/wfa.uwr.edu.pl\/en\/"},{"@type":"ListItem","position":2,"name":"Institute of Theoretical Physics","item":"https:\/\/wfa.uwr.edu.pl\/en\/institute-of-theoretical-physics\/"},{"@type":"ListItem","position":3,"name":"Seminars","item":"https:\/\/wfa.uwr.edu.pl\/en\/institute-of-theoretical-physics\/seminars\/"},{"@type":"ListItem","position":4,"name":"Division of Applied Computer Science and Statistical Physics Seminar"}]},{"@type":"WebSite","@id":"https:\/\/wfa.uwr.edu.pl\/#website","url":"https:\/\/wfa.uwr.edu.pl\/","name":"Faculty of Physics and Astronomy","description":"Kolejna witryna sieci \u201eUWR Witryny\u201d","potentialAction":[{"@type":"SearchAction","target":{"@type":"EntryPoint","urlTemplate":"https:\/\/wfa.uwr.edu.pl\/?s={search_term_string}"},"query-input":{"@type":"PropertyValueSpecification","valueRequired":true,"valueName":"search_term_string"}}],"inLanguage":"en-US"}]}},"publishpress_future_action":{"enabled":false,"date":"2026-05-20 10:42:23","action":"change-status","newStatus":"draft","terms":[],"taxonomy":"category","extraData":[]},"publishpress_future_workflow_manual_trigger":{"enabledWorkflows":[]},"_links":{"self":[{"href":"https:\/\/wfa.uwr.edu.pl\/en\/wp-json\/wp\/v2\/pages\/84676\/"}],"collection":[{"href":"https:\/\/wfa.uwr.edu.pl\/en\/wp-json\/wp\/v2\/pages\/"}],"about":[{"href":"https:\/\/wfa.uwr.edu.pl\/en\/wp-json\/wp\/v2\/types\/page\/"}],"author":[{"embeddable":true,"href":"https:\/\/wfa.uwr.edu.pl\/en\/wp-json\/wp\/v2\/users\/7182\/"}],"replies":[{"embeddable":true,"href":"https:\/\/wfa.uwr.edu.pl\/en\/wp-json\/wp\/v2\/comments\/?post=84676"}],"version-history":[{"count":1,"href":"https:\/\/wfa.uwr.edu.pl\/en\/wp-json\/wp\/v2\/pages\/84676\/revisions\/"}],"predecessor-version":[{"id":84679,"href":"https:\/\/wfa.uwr.edu.pl\/en\/wp-json\/wp\/v2\/pages\/84676\/revisions\/84679\/"}],"up":[{"embeddable":true,"href":"https:\/\/wfa.uwr.edu.pl\/en\/wp-json\/wp\/v2\/pages\/84631\/"}],"wp:featuredmedia":[{"embeddable":true,"href":"https:\/\/wfa.uwr.edu.pl\/en\/wp-json\/"}],"wp:attachment":[{"href":"https:\/\/wfa.uwr.edu.pl\/en\/wp-json\/wp\/v2\/media\/?parent=84676"}],"wp:term":[{"taxonomy":"category","embeddable":true,"href":"https:\/\/wfa.uwr.edu.pl\/en\/wp-json\/wp\/v2\/categories\/?post=84676"},{"taxonomy":"post_tag","embeddable":true,"href":"https:\/\/wfa.uwr.edu.pl\/en\/wp-json\/wp\/v2\/tags\/?post=84676"}],"curies":[{"name":"wp","href":"https:\/\/api.w.org\/{rel}","templated":true}]}}