{"id":83968,"date":"2025-01-28T14:52:55","date_gmt":"2025-01-28T13:52:55","guid":{"rendered":"https:\/\/wfa.uwr.edu.pl\/?page_id=83968"},"modified":"2025-01-28T14:53:00","modified_gmt":"2025-01-28T13:53:00","slug":"about-the-institute","status":"publish","type":"page","link":"https:\/\/wfa.uwr.edu.pl\/en\/institute-of-theoretical-physics\/about-the-institute\/","title":{"rendered":"About the Institute"},"content":{"rendered":"\n<div class=\"wp-block-media-text alignwide is-stacked-on-mobile is-image-fill bs-news-page bs-page-links\"><figure class=\"wp-block-media-text__media\" style=\"background-image:url(https:\/\/wfa.uwr.edu.pl\/wp-content\/uploads\/sites\/216\/2022\/06\/pexels-engin-akyurt-2767814-683x1024.jpg);background-position:50% 50%\"><img loading=\"lazy\" decoding=\"async\" width=\"683\" height=\"1024\" src=\"https:\/\/wfa.uwr.edu.pl\/wp-content\/uploads\/sites\/216\/2022\/06\/pexels-engin-akyurt-2767814-683x1024.jpg\" alt=\"O\u015bwietlony rega\u0142 z ksi\u0105\u017ckami \" class=\"wp-image-28830 size-full\" srcset=\"https:\/\/wfa.uwr.edu.pl\/wp-content\/uploads\/sites\/216\/2022\/06\/pexels-engin-akyurt-2767814-683x1024.jpg 683w, https:\/\/wfa.uwr.edu.pl\/wp-content\/uploads\/sites\/216\/2022\/06\/pexels-engin-akyurt-2767814-200x300.jpg 200w, https:\/\/wfa.uwr.edu.pl\/wp-content\/uploads\/sites\/216\/2022\/06\/pexels-engin-akyurt-2767814-768x1152.jpg 768w, https:\/\/wfa.uwr.edu.pl\/wp-content\/uploads\/sites\/216\/2022\/06\/pexels-engin-akyurt-2767814-1024x1536.jpg 1024w, https:\/\/wfa.uwr.edu.pl\/wp-content\/uploads\/sites\/216\/2022\/06\/pexels-engin-akyurt-2767814-16x24.jpg 16w, https:\/\/wfa.uwr.edu.pl\/wp-content\/uploads\/sites\/216\/2022\/06\/pexels-engin-akyurt-2767814-24x36.jpg 24w, https:\/\/wfa.uwr.edu.pl\/wp-content\/uploads\/sites\/216\/2022\/06\/pexels-engin-akyurt-2767814-32x48.jpg 32w, https:\/\/wfa.uwr.edu.pl\/wp-content\/uploads\/sites\/216\/2022\/06\/pexels-engin-akyurt-2767814.jpg 1067w\" sizes=\"auto, (max-width: 683px) 100vw, 683px\" \/><\/figure><div class=\"wp-block-media-text__content\">\n<div class=\"wp-block-bonasoft-modular-breadcrumbs-block\"><div class=\"bs_add_breadcrumb_trail\"><\/div><\/div>\n\n\n\n<hr class=\"wp-block-separator has-text-color has-black-color has-css-opacity has-black-background-color has-background is-style-wide bs-border-kontakt\"\/>\n\n\n\n<h1 class=\"wp-block-heading bs-naglowek-podstrony\"><strong>About the Institute<\/strong><\/h1>\n\n\n\n<h2 class=\"wp-block-heading\"><strong>Director<\/strong><\/h2>\n\n\n\n<p>dr hab. Artur Barasi\u0144ski, prof. UWr<\/p>\n\n\n\n<h2 class=\"wp-block-heading\"><strong>Deputy Directors<\/strong><\/h2>\n\n\n\n<p><strong>research<\/strong>:\u00a0dr hab. Giacomo Rosati, prof. UWr<\/p>\n\n\n\n<p><strong>teaching<\/strong>:\u00a0dr Cezary Juszczak<\/p>\n\n\n\n<p><strong>general<\/strong>:\u00a0dr hab. Marek Mozrzymas, prof. UWr<\/p>\n\n\n\n<h2 class=\"wp-block-heading\"><strong>Division Heads<\/strong><\/h2>\n\n\n\n<p><strong><a href=\"https:\/\/wfa.uwr.edu.pl\/instytut-fizyki-teoretycznej\/zaklad-fizyki-neutrin\/\">Neutrino Physics<\/a><\/strong>:\u00a0<\/p>\n\n\n\n<p>prof. dr hab. Jan Sobczyk<\/p>\n\n\n\n<p><strong><a href=\"https:\/\/wfa.uwr.edu.pl\/instytut-fizyki-teoretycznej\/zaklad-informatyki-stosowanej-i-fizyki-statystycznej\/\">Applied Computer Science and Statistical Physics<\/a><\/strong>:<\/p>\n\n\n\n<p>prof. dr hab. Zbigniew Koza<\/p>\n\n\n\n<p><strong><a href=\"https:\/\/wfa.uwr.edu.pl\/instytut-fizyki-teoretycznej\/zaklad-metod-matematycznych-fizyki\/\">Mathematical Methods in Physics<\/a><\/strong>:\u00a0<\/p>\n\n\n\n<p>dr hab. Piotr \u0141ugiewicz, prof. UWr <\/p>\n\n\n\n<p>acting head: dr hab. Marek Mozrzymas, prof. UWr<\/p>\n\n\n\n<p><strong><a href=\"https:\/\/wfa.uwr.edu.pl\/instytut-fizyki-teoretycznej\/zaklad-teorii-czastek-elementarnych\/\">Particle Physics and Nuclear Astrophysics <\/a><\/strong>:\u00a0<\/p>\n\n\n\n<p>prof. dr hab. Krzysztof Redlich<\/p>\n\n\n\n<p><strong><a href=\"https:\/\/wfa.uwr.edu.pl\/instytut-fizyki-teoretycznej\/zaklad-teorii-grawitacji-i-oddzialywan-fundamentalnych\/\">Theory of Gravity and Fundamental Interactions<\/a><\/strong>:\u00a0<\/p>\n\n\n\n<p>dr hab. Arkadiusz B\u0142aut, prof. UWr<\/p>\n\n\n\n<h2 class=\"wp-block-heading\"><strong>Secretariat<\/strong><\/h2>\n\n\n\n<p><small><strong>Telephone: (+48) 71 375 9408<\/strong><\/small><\/p>\n\n\n\n<p>Anna Gaj,&nbsp;anna.gaj*, 9408<\/p>\n\n\n\n<p>Katarzyna Ko\u015bciuk, katarzyna.kosciuk*, 9408<\/p>\n\n\n\n<p><\/p>\n\n\n\n<h2 class=\"wp-block-heading\"><strong>Library<\/strong><\/h2>\n\n\n\n<p><small><strong>Telephone: (+48) 71 375 9253, (+48) 71 375 9256<\/strong><\/small><\/p>\n\n\n\n<p>mgr Halina Ossowska-Blass (head),\u00a0halina.ossowska-blass*<\/p>\n\n\n\n<p>mgr Dorota Haba,&nbsp;zofia.haba*<\/p>\n\n\n\n<h2 class=\"wp-block-heading\"><strong>Network Administrators<\/strong><\/h2>\n\n\n\n<p><small><strong>Telephone: (+48) 71 375 9402, (+48) 505 304 066<\/strong><\/small><\/p>\n\n\n\n<p>mgr Marian Pawe\u0142 Bordza\u0144,&nbsp;marian.bordzan*<\/p>\n\n\n\n<p>Krzysztof Cach,&nbsp;krzysztof.cach*<\/p>\n\n\n\n<p>dr Pawe\u0142 Misiak,&nbsp;pawel.misiak*<\/p>\n\n\n\n<p>* Email address in the @uwr.edu.pl domain<\/p>\n<\/div><\/div>\n","protected":false},"excerpt":{"rendered":"","protected":false},"author":7182,"featured_media":28830,"parent":83950,"menu_order":2,"comment_status":"closed","ping_status":"closed","template":"","meta":{"_acf_changed":false,"inline_featured_image":false,"site-sidebar-layout":"default","site-content-layout":"","ast-site-content-layout":"default","site-content-style":"default","site-sidebar-style":"default","ast-global-header-display":"","ast-banner-title-visibility":"","ast-main-header-display":"","ast-hfb-above-header-display":"","ast-hfb-below-header-display":"","ast-hfb-mobile-header-display":"","site-post-title":"","ast-breadcrumbs-content":"","ast-featured-img":"","footer-sml-layout":"","ast-disable-related-posts":"","theme-transparent-header-meta":"","adv-header-id-meta":"","stick-header-meta":"","header-above-stick-meta":"","header-main-stick-meta":"","header-below-stick-meta":"","astra-migrate-meta-layouts":"set","ast-page-background-enabled":"default","ast-page-background-meta":{"desktop":{"background-color":"","background-image":"","background-repeat":"repeat","background-position":"center center","background-size":"auto","background-attachment":"scroll","background-type":"","background-media":"","overlay-type":"","overlay-color":"","overlay-opacity":"","overlay-gradient":""},"tablet":{"background-color":"","background-image":"","background-repeat":"repeat","background-position":"center center","background-size":"auto","background-attachment":"scroll","background-type":"","background-media":"","overlay-type":"","overlay-color":"","overlay-opacity":"","overlay-gradient":""},"mobile":{"background-color":"","background-image":"","background-repeat":"repeat","background-position":"center center","background-size":"auto","background-attachment":"scroll","background-type":"","background-media":"","overlay-type":"","overlay-color":"","overlay-opacity":"","overlay-gradient":""}},"ast-content-background-meta":{"desktop":{"background-color":"var(--ast-global-color-5)","background-image":"","background-repeat":"repeat","background-position":"center center","background-size":"auto","background-attachment":"scroll","background-type":"","background-media":"","overlay-type":"","overlay-color":"","overlay-opacity":"","overlay-gradient":""},"tablet":{"background-color":"var(--ast-global-color-5)","background-image":"","background-repeat":"repeat","background-position":"center center","background-size":"auto","background-attachment":"scroll","background-type":"","background-media":"","overlay-type":"","overlay-color":"","overlay-opacity":"","overlay-gradient":""},"mobile":{"background-color":"var(--ast-global-color-5)","background-image":"","background-repeat":"repeat","background-position":"center center","background-size":"auto","background-attachment":"scroll","background-type":"","background-media":"","overlay-type":"","overlay-color":"","overlay-opacity":"","overlay-gradient":""}},"footnotes":""},"categories":[],"tags":[],"class_list":["post-83968","page","type-page","status-publish","has-post-thumbnail","hentry"],"featured_image_urls_v2":{"full":["https:\/\/wfa.uwr.edu.pl\/wp-content\/uploads\/sites\/216\/2022\/06\/pexels-engin-akyurt-2767814.jpg",1067,1600,false],"thumbnail":["https:\/\/wfa.uwr.edu.pl\/wp-content\/uploads\/sites\/216\/2022\/06\/pexels-engin-akyurt-2767814-150x150.jpg",150,150,true],"medium":["https:\/\/wfa.uwr.edu.pl\/wp-content\/uploads\/sites\/216\/2022\/06\/pexels-engin-akyurt-2767814-200x300.jpg",200,300,true],"medium_large":["https:\/\/wfa.uwr.edu.pl\/wp-content\/uploads\/sites\/216\/2022\/06\/pexels-engin-akyurt-2767814-768x1152.jpg",768,1152,true],"large":["https:\/\/wfa.uwr.edu.pl\/wp-content\/uploads\/sites\/216\/2022\/06\/pexels-engin-akyurt-2767814-683x1024.jpg",683,1024,true],"1536x1536":["https:\/\/wfa.uwr.edu.pl\/wp-content\/uploads\/sites\/216\/2022\/06\/pexels-engin-akyurt-2767814-1024x1536.jpg",1024,1536,true],"2048x2048":["https:\/\/wfa.uwr.edu.pl\/wp-content\/uploads\/sites\/216\/2022\/06\/pexels-engin-akyurt-2767814.jpg",1067,1600,false],"menu-24x24":["https:\/\/wfa.uwr.edu.pl\/wp-content\/uploads\/sites\/216\/2022\/06\/pexels-engin-akyurt-2767814-16x24.jpg",16,24,true],"menu-36x36":["https:\/\/wfa.uwr.edu.pl\/wp-content\/uploads\/sites\/216\/2022\/06\/pexels-engin-akyurt-2767814-24x36.jpg",24,36,true],"menu-48x48":["https:\/\/wfa.uwr.edu.pl\/wp-content\/uploads\/sites\/216\/2022\/06\/pexels-engin-akyurt-2767814-32x48.jpg",32,48,true]},"post_excerpt_stackable_v2":"<p>About the Institute Director dr hab. Artur Barasi\u0144ski, prof. UWr Deputy Directors research:\u00a0dr hab. Giacomo Rosati, prof. UWr teaching:\u00a0dr Cezary Juszczak general:\u00a0dr hab. Marek Mozrzymas, prof. UWr Division Heads Neutrino Physics:\u00a0 prof. dr hab. Jan Sobczyk Applied Computer Science and Statistical Physics: prof. dr hab. Zbigniew Koza Mathematical Methods in Physics:\u00a0 dr hab. Piotr \u0141ugiewicz, prof. UWr acting head: dr hab. Marek Mozrzymas, prof. UWr Particle Physics and Nuclear Astrophysics :\u00a0 prof. dr hab. Krzysztof Redlich Theory of Gravity and Fundamental Interactions:\u00a0 dr hab. Arkadiusz B\u0142aut, prof. UWr Secretariat Telephone: (+48) 71 375 9408 Anna Gaj,&nbsp;anna.gaj*, 9408 Katarzyna Ko\u015bciuk, katarzyna.kosciuk*,&hellip;<\/p>\n","category_list_v2":"Uncategorized","author_info_v2":{"name":"kswistak","url":"https:\/\/wfa.uwr.edu.pl\/en\/author\/kswistak\/"},"comments_num_v2":"0 comments","acf":[],"yoast_head":"<!-- This site is optimized with the Yoast SEO plugin v27.1.1 - https:\/\/yoast.com\/product\/yoast-seo-wordpress\/ -->\n<title>About the Institute - Faculty of Physics and Astronomy<\/title>\n<meta name=\"description\" content=\"Wydzia\u0142 Fizyki i Astronomii\" \/>\n<meta name=\"robots\" content=\"index, follow, max-snippet:-1, max-image-preview:large, max-video-preview:-1\" \/>\n<link rel=\"canonical\" href=\"https:\/\/wfa.uwr.edu.pl\/en\/institute-of-theoretical-physics\/about-the-institute\/\" \/>\n<meta property=\"og:locale\" content=\"en_US\" \/>\n<meta property=\"og:type\" content=\"article\" \/>\n<meta property=\"og:title\" content=\"About the Institute - Faculty of Physics and Astronomy\" \/>\n<meta property=\"og:description\" content=\"Wydzia\u0142 Fizyki i Astronomii\" \/>\n<meta property=\"og:url\" content=\"https:\/\/wfa.uwr.edu.pl\/en\/institute-of-theoretical-physics\/about-the-institute\/\" \/>\n<meta property=\"og:site_name\" content=\"Faculty of Physics and Astronomy\" \/>\n<meta property=\"article:modified_time\" content=\"2025-01-28T13:53:00+00:00\" \/>\n<meta property=\"og:image\" content=\"https:\/\/wfa.uwr.edu.pl\/wp-content\/uploads\/sites\/216\/2022\/06\/pexels-engin-akyurt-2767814.jpg\" \/>\n\t<meta property=\"og:image:width\" content=\"1067\" \/>\n\t<meta property=\"og:image:height\" content=\"1600\" \/>\n\t<meta property=\"og:image:type\" content=\"image\/jpeg\" \/>\n<meta name=\"twitter:card\" content=\"summary_large_image\" \/>\n<meta name=\"twitter:label1\" content=\"Est. reading time\" \/>\n\t<meta name=\"twitter:data1\" content=\"2 minutes\" \/>\n<script type=\"application\/ld+json\" class=\"yoast-schema-graph\">{\"@context\":\"https:\/\/schema.org\",\"@graph\":[{\"@type\":\"WebPage\",\"@id\":\"https:\/\/wfa.uwr.edu.pl\/en\/institute-of-theoretical-physics\/about-the-institute\/\",\"url\":\"https:\/\/wfa.uwr.edu.pl\/en\/institute-of-theoretical-physics\/about-the-institute\/\",\"name\":\"About the Institute - Faculty of Physics and Astronomy\",\"isPartOf\":{\"@id\":\"https:\/\/wfa.uwr.edu.pl\/#website\"},\"primaryImageOfPage\":{\"@id\":\"https:\/\/wfa.uwr.edu.pl\/en\/institute-of-theoretical-physics\/about-the-institute\/#primaryimage\"},\"image\":{\"@id\":\"https:\/\/wfa.uwr.edu.pl\/en\/institute-of-theoretical-physics\/about-the-institute\/#primaryimage\"},\"thumbnailUrl\":\"https:\/\/wfa.uwr.edu.pl\/wp-content\/uploads\/sites\/216\/2022\/06\/pexels-engin-akyurt-2767814.jpg\",\"datePublished\":\"2025-01-28T13:52:55+00:00\",\"dateModified\":\"2025-01-28T13:53:00+00:00\",\"description\":\"Wydzia\u0142 Fizyki i Astronomii\",\"breadcrumb\":{\"@id\":\"https:\/\/wfa.uwr.edu.pl\/en\/institute-of-theoretical-physics\/about-the-institute\/#breadcrumb\"},\"inLanguage\":\"en-US\",\"potentialAction\":[{\"@type\":\"ReadAction\",\"target\":[\"https:\/\/wfa.uwr.edu.pl\/en\/institute-of-theoretical-physics\/about-the-institute\/\"]}]},{\"@type\":\"ImageObject\",\"inLanguage\":\"en-US\",\"@id\":\"https:\/\/wfa.uwr.edu.pl\/en\/institute-of-theoretical-physics\/about-the-institute\/#primaryimage\",\"url\":\"https:\/\/wfa.uwr.edu.pl\/wp-content\/uploads\/sites\/216\/2022\/06\/pexels-engin-akyurt-2767814.jpg\",\"contentUrl\":\"https:\/\/wfa.uwr.edu.pl\/wp-content\/uploads\/sites\/216\/2022\/06\/pexels-engin-akyurt-2767814.jpg\",\"width\":1067,\"height\":1600,\"caption\":\"O\u015bwietlony rega\u0142 z ksi\u0105\u017ckami\"},{\"@type\":\"BreadcrumbList\",\"@id\":\"https:\/\/wfa.uwr.edu.pl\/en\/institute-of-theoretical-physics\/about-the-institute\/#breadcrumb\",\"itemListElement\":[{\"@type\":\"ListItem\",\"position\":1,\"name\":\"Strona g\u0142\u00f3wna\",\"item\":\"https:\/\/wfa.uwr.edu.pl\/en\/\"},{\"@type\":\"ListItem\",\"position\":2,\"name\":\"Institute of Theoretical Physics\",\"item\":\"https:\/\/wfa.uwr.edu.pl\/en\/institute-of-theoretical-physics\/\"},{\"@type\":\"ListItem\",\"position\":3,\"name\":\"About the Institute\"}]},{\"@type\":\"WebSite\",\"@id\":\"https:\/\/wfa.uwr.edu.pl\/#website\",\"url\":\"https:\/\/wfa.uwr.edu.pl\/\",\"name\":\"Faculty of Physics and Astronomy\",\"description\":\"Kolejna witryna sieci \u201eUWR Witryny\u201d\",\"potentialAction\":[{\"@type\":\"SearchAction\",\"target\":{\"@type\":\"EntryPoint\",\"urlTemplate\":\"https:\/\/wfa.uwr.edu.pl\/?s={search_term_string}\"},\"query-input\":{\"@type\":\"PropertyValueSpecification\",\"valueRequired\":true,\"valueName\":\"search_term_string\"}}],\"inLanguage\":\"en-US\"}]}<\/script>\n<!-- \/ Yoast SEO plugin. -->","yoast_head_json":{"title":"About the Institute - Faculty of Physics and Astronomy","description":"Wydzia\u0142 Fizyki i Astronomii","robots":{"index":"index","follow":"follow","max-snippet":"max-snippet:-1","max-image-preview":"max-image-preview:large","max-video-preview":"max-video-preview:-1"},"canonical":"https:\/\/wfa.uwr.edu.pl\/en\/institute-of-theoretical-physics\/about-the-institute\/","og_locale":"en_US","og_type":"article","og_title":"About the Institute - Faculty of Physics and Astronomy","og_description":"Wydzia\u0142 Fizyki i Astronomii","og_url":"https:\/\/wfa.uwr.edu.pl\/en\/institute-of-theoretical-physics\/about-the-institute\/","og_site_name":"Faculty of Physics and Astronomy","article_modified_time":"2025-01-28T13:53:00+00:00","og_image":[{"width":1067,"height":1600,"url":"https:\/\/wfa.uwr.edu.pl\/wp-content\/uploads\/sites\/216\/2022\/06\/pexels-engin-akyurt-2767814.jpg","type":"image\/jpeg"}],"twitter_card":"summary_large_image","twitter_misc":{"Est. reading time":"2 minutes"},"schema":{"@context":"https:\/\/schema.org","@graph":[{"@type":"WebPage","@id":"https:\/\/wfa.uwr.edu.pl\/en\/institute-of-theoretical-physics\/about-the-institute\/","url":"https:\/\/wfa.uwr.edu.pl\/en\/institute-of-theoretical-physics\/about-the-institute\/","name":"About the Institute - Faculty of Physics and Astronomy","isPartOf":{"@id":"https:\/\/wfa.uwr.edu.pl\/#website"},"primaryImageOfPage":{"@id":"https:\/\/wfa.uwr.edu.pl\/en\/institute-of-theoretical-physics\/about-the-institute\/#primaryimage"},"image":{"@id":"https:\/\/wfa.uwr.edu.pl\/en\/institute-of-theoretical-physics\/about-the-institute\/#primaryimage"},"thumbnailUrl":"https:\/\/wfa.uwr.edu.pl\/wp-content\/uploads\/sites\/216\/2022\/06\/pexels-engin-akyurt-2767814.jpg","datePublished":"2025-01-28T13:52:55+00:00","dateModified":"2025-01-28T13:53:00+00:00","description":"Wydzia\u0142 Fizyki i Astronomii","breadcrumb":{"@id":"https:\/\/wfa.uwr.edu.pl\/en\/institute-of-theoretical-physics\/about-the-institute\/#breadcrumb"},"inLanguage":"en-US","potentialAction":[{"@type":"ReadAction","target":["https:\/\/wfa.uwr.edu.pl\/en\/institute-of-theoretical-physics\/about-the-institute\/"]}]},{"@type":"ImageObject","inLanguage":"en-US","@id":"https:\/\/wfa.uwr.edu.pl\/en\/institute-of-theoretical-physics\/about-the-institute\/#primaryimage","url":"https:\/\/wfa.uwr.edu.pl\/wp-content\/uploads\/sites\/216\/2022\/06\/pexels-engin-akyurt-2767814.jpg","contentUrl":"https:\/\/wfa.uwr.edu.pl\/wp-content\/uploads\/sites\/216\/2022\/06\/pexels-engin-akyurt-2767814.jpg","width":1067,"height":1600,"caption":"O\u015bwietlony rega\u0142 z ksi\u0105\u017ckami"},{"@type":"BreadcrumbList","@id":"https:\/\/wfa.uwr.edu.pl\/en\/institute-of-theoretical-physics\/about-the-institute\/#breadcrumb","itemListElement":[{"@type":"ListItem","position":1,"name":"Strona g\u0142\u00f3wna","item":"https:\/\/wfa.uwr.edu.pl\/en\/"},{"@type":"ListItem","position":2,"name":"Institute of Theoretical Physics","item":"https:\/\/wfa.uwr.edu.pl\/en\/institute-of-theoretical-physics\/"},{"@type":"ListItem","position":3,"name":"About the Institute"}]},{"@type":"WebSite","@id":"https:\/\/wfa.uwr.edu.pl\/#website","url":"https:\/\/wfa.uwr.edu.pl\/","name":"Faculty of Physics and Astronomy","description":"Kolejna witryna sieci \u201eUWR Witryny\u201d","potentialAction":[{"@type":"SearchAction","target":{"@type":"EntryPoint","urlTemplate":"https:\/\/wfa.uwr.edu.pl\/?s={search_term_string}"},"query-input":{"@type":"PropertyValueSpecification","valueRequired":true,"valueName":"search_term_string"}}],"inLanguage":"en-US"}]}},"publishpress_future_action":{"enabled":false,"date":"2026-05-20 12:05:49","action":"change-status","newStatus":"draft","terms":[],"taxonomy":"category","extraData":[]},"publishpress_future_workflow_manual_trigger":{"enabledWorkflows":[]},"_links":{"self":[{"href":"https:\/\/wfa.uwr.edu.pl\/en\/wp-json\/wp\/v2\/pages\/83968\/"}],"collection":[{"href":"https:\/\/wfa.uwr.edu.pl\/en\/wp-json\/wp\/v2\/pages\/"}],"about":[{"href":"https:\/\/wfa.uwr.edu.pl\/en\/wp-json\/wp\/v2\/types\/page\/"}],"author":[{"embeddable":true,"href":"https:\/\/wfa.uwr.edu.pl\/en\/wp-json\/wp\/v2\/users\/7182\/"}],"replies":[{"embeddable":true,"href":"https:\/\/wfa.uwr.edu.pl\/en\/wp-json\/wp\/v2\/comments\/?post=83968"}],"version-history":[{"count":1,"href":"https:\/\/wfa.uwr.edu.pl\/en\/wp-json\/wp\/v2\/pages\/83968\/revisions\/"}],"predecessor-version":[{"id":83971,"href":"https:\/\/wfa.uwr.edu.pl\/en\/wp-json\/wp\/v2\/pages\/83968\/revisions\/83971\/"}],"up":[{"embeddable":true,"href":"https:\/\/wfa.uwr.edu.pl\/en\/wp-json\/wp\/v2\/pages\/83950\/"}],"wp:featuredmedia":[{"embeddable":true,"href":"https:\/\/wfa.uwr.edu.pl\/en\/wp-json\/wp\/v2\/media\/28830\/"}],"wp:attachment":[{"href":"https:\/\/wfa.uwr.edu.pl\/en\/wp-json\/wp\/v2\/media\/?parent=83968"}],"wp:term":[{"taxonomy":"category","embeddable":true,"href":"https:\/\/wfa.uwr.edu.pl\/en\/wp-json\/wp\/v2\/categories\/?post=83968"},{"taxonomy":"post_tag","embeddable":true,"href":"https:\/\/wfa.uwr.edu.pl\/en\/wp-json\/wp\/v2\/tags\/?post=83968"}],"curies":[{"name":"wp","href":"https:\/\/api.w.org\/{rel}","templated":true}]}}