{"id":83788,"date":"2025-01-22T13:30:40","date_gmt":"2025-01-22T12:30:40","guid":{"rendered":"https:\/\/wfa.uwr.edu.pl\/?page_id=83788"},"modified":"2025-01-22T13:30:46","modified_gmt":"2025-01-22T12:30:46","slug":"incubators-of-scientific-excellence","status":"publish","type":"page","link":"https:\/\/wfa.uwr.edu.pl\/en\/incubators-of-scientific-excellence\/","title":{"rendered":"Incubators of Scientific Excellence"},"content":{"rendered":"\n<div class=\"wp-block-ugb-container ugb-container blok_nowa_podstrona ugb-8dda971 ugb-container--v2 ugb-container--design-plain ugb-main-block\"><div class=\"ugb-inner-block\"><div class=\"ugb-block-content\"><div class=\"ugb-container__wrapper ugb-8dda971-wrapper\"><div class=\"ugb-container__side\"><div class=\"ugb-container__content-wrapper ugb-8dda971-content-wrapper\">\n<div class=\"wp-block-columns bs-news-page is-layout-flex wp-block-columns-is-layout-flex\">\n<div class=\"wp-block-column bs-kontakt-photo is-layout-flow wp-block-column-is-layout-flow\">\n<figure class=\"wp-block-image size-full\"><img decoding=\"async\" src=\"https:\/\/wfa.uwr.edu.pl\/wp-content\/uploads\/sites\/216\/2022\/10\/DSC_6549-1024x684-1.webp\" alt=\"Kobieta z ksi\u0105\u017ck\u0105\" class=\"wp-image-36346\"\/><\/figure>\n<\/div>\n\n\n\n<div class=\"wp-block-column bs-contact-right-column is-layout-flow wp-block-column-is-layout-flow\">\n<div class=\"wp-block-bonasoft-modular-breadcrumbs-block\"><div class=\"bs_add_breadcrumb_trail\"><\/div><\/div>\n\n\n\n<hr class=\"wp-block-separator has-text-color has-black-color has-css-opacity has-black-background-color has-background is-style-wide bs-border-kontakt\"\/>\n\n\n<h1 style=\"font-style:normal;font-weight:700;\" class=\"bs-naglowek-podstrony wp-block-post-title\">Incubators of Scientific Excellence<\/h1>\n\n\n<p>The Incubators of Scientific Excellence are research centres in which excellent researchers, together with teams made up of staff from the University of Wroc\u0142aw and researchers from around the world, will jointly lead major scientific projects.<br><br>The aim of the Incubators is to measurably increase scientific achievements in research areas that have less international recognition at the University of Wroc\u0142aw. As a result of the competition, 8 Incubators were selected and established at the Faculties of the University of Wroc\u0142aw.<\/p>\n\n\n<div class=\"bs__links\">\r\n    <div class=\"bs__links__section\">\r\n        <ul class=\"bs__links__list\">\r\n                            <li class=\"bs__links__list__item\">\r\n                    <a href=\"https:\/\/uwr.edu.pl\/en\/research-university\/incubators-of-research-excellence\/\" class=\"bs__links__list__item__link\">\r\n                        More information can be found here: \r\n                        <div class=\"bs__links__list__item__link__before__icon\">\r\n                            <div class=\"bs__links__list__item__link__icon\">\r\n                                <svg width=\"40px\" height=\"40px\" viewBox=\"0 0 22 16\" version=\"1.1\">\r\n                                <g stroke=\"none\" strokeWidth=\"1\" fill=\"black\" fillRule=\"evenodd\">\r\n                                    <g>\r\n                                    <polygon points=\"13.4875 0 12 1.6215 18.7875 8 12 14.3795 13.4875 16 21.9995 8\" \/>\r\n                                    <\/g>\r\n                                <\/g>\r\n                                <\/svg>\r\n                            <\/div>\r\n                        <\/div>\r\n                    <\/a>\r\n                <li>\r\n                    <\/ul>\r\n    <\/div>\r\n<\/div><\/div>\n<\/div>\n<\/div><\/div><\/div><\/div><\/div><\/div>\n","protected":false},"excerpt":{"rendered":"<p>The Incubators of Scientific Excellence are research centres in which excellent researchers, together with teams made up of staff from the University of Wroc\u0142aw and researchers from around the world, will jointly lead major scientific projects. The aim of the Incubators is to measurably increase scientific achievements in research areas that have less international recognition [&hellip;]<\/p>\n","protected":false},"author":7182,"featured_media":36346,"parent":0,"menu_order":0,"comment_status":"closed","ping_status":"closed","template":"","meta":{"_acf_changed":false,"inline_featured_image":false,"site-sidebar-layout":"default","site-content-layout":"","ast-site-content-layout":"default","site-content-style":"default","site-sidebar-style":"default","ast-global-header-display":"","ast-banner-title-visibility":"","ast-main-header-display":"","ast-hfb-above-header-display":"","ast-hfb-below-header-display":"","ast-hfb-mobile-header-display":"","site-post-title":"","ast-breadcrumbs-content":"","ast-featured-img":"","footer-sml-layout":"","ast-disable-related-posts":"","theme-transparent-header-meta":"","adv-header-id-meta":"","stick-header-meta":"","header-above-stick-meta":"","header-main-stick-meta":"","header-below-stick-meta":"","astra-migrate-meta-layouts":"set","ast-page-background-enabled":"default","ast-page-background-meta":{"desktop":{"background-color":"","background-image":"","background-repeat":"repeat","background-position":"center center","background-size":"auto","background-attachment":"scroll","background-type":"","background-media":"","overlay-type":"","overlay-color":"","overlay-opacity":"","overlay-gradient":""},"tablet":{"background-color":"","background-image":"","background-repeat":"repeat","background-position":"center center","background-size":"auto","background-attachment":"scroll","background-type":"","background-media":"","overlay-type":"","overlay-color":"","overlay-opacity":"","overlay-gradient":""},"mobile":{"background-color":"","background-image":"","background-repeat":"repeat","background-position":"center center","background-size":"auto","background-attachment":"scroll","background-type":"","background-media":"","overlay-type":"","overlay-color":"","overlay-opacity":"","overlay-gradient":""}},"ast-content-background-meta":{"desktop":{"background-color":"var(--ast-global-color-5)","background-image":"","background-repeat":"repeat","background-position":"center center","background-size":"auto","background-attachment":"scroll","background-type":"","background-media":"","overlay-type":"","overlay-color":"","overlay-opacity":"","overlay-gradient":""},"tablet":{"background-color":"var(--ast-global-color-5)","background-image":"","background-repeat":"repeat","background-position":"center center","background-size":"auto","background-attachment":"scroll","background-type":"","background-media":"","overlay-type":"","overlay-color":"","overlay-opacity":"","overlay-gradient":""},"mobile":{"background-color":"var(--ast-global-color-5)","background-image":"","background-repeat":"repeat","background-position":"center center","background-size":"auto","background-attachment":"scroll","background-type":"","background-media":"","overlay-type":"","overlay-color":"","overlay-opacity":"","overlay-gradient":""}},"footnotes":""},"categories":[],"tags":[],"class_list":["post-83788","page","type-page","status-publish","has-post-thumbnail","hentry"],"featured_image_urls_v2":{"full":"","thumbnail":"","medium":"","medium_large":"","large":"","1536x1536":"","2048x2048":"","menu-24x24":"","menu-36x36":"","menu-48x48":""},"post_excerpt_stackable_v2":"<p>Incubators of Scientific Excellence The Incubators of Scientific Excellence are research centres in which excellent researchers, together with teams made up of staff from the University of Wroc\u0142aw and researchers from around the world, will jointly lead major scientific projects.The aim of the Incubators is to measurably increase scientific achievements in research areas that have less international recognition at the University of Wroc\u0142aw. As a result of the competition, 8 Incubators were selected and established at the Faculties of the University of Wroc\u0142aw. More information can be found here:<\/p>\n","category_list_v2":"Uncategorized","author_info_v2":{"name":"kswistak","url":"https:\/\/wfa.uwr.edu.pl\/en\/author\/kswistak\/"},"comments_num_v2":"0 comments","acf":[],"yoast_head":"<!-- This site is optimized with the Yoast SEO plugin v27.1.1 - https:\/\/yoast.com\/product\/yoast-seo-wordpress\/ -->\n<title>Incubators of Scientific Excellence - Faculty of Physics and Astronomy<\/title>\n<meta name=\"description\" content=\"Wydzia\u0142 Fizyki i Astronomii\" \/>\n<meta name=\"robots\" content=\"index, follow, max-snippet:-1, max-image-preview:large, max-video-preview:-1\" \/>\n<link rel=\"canonical\" href=\"https:\/\/wfa.uwr.edu.pl\/en\/incubators-of-scientific-excellence\/\" \/>\n<meta property=\"og:locale\" content=\"en_US\" \/>\n<meta property=\"og:type\" content=\"article\" \/>\n<meta property=\"og:title\" content=\"Incubators of Scientific Excellence - Faculty of Physics and Astronomy\" \/>\n<meta property=\"og:description\" content=\"Wydzia\u0142 Fizyki i Astronomii\" \/>\n<meta property=\"og:url\" content=\"https:\/\/wfa.uwr.edu.pl\/en\/incubators-of-scientific-excellence\/\" \/>\n<meta property=\"og:site_name\" content=\"Faculty of Physics and Astronomy\" \/>\n<meta property=\"article:modified_time\" content=\"2025-01-22T12:30:46+00:00\" \/>\n<meta name=\"twitter:card\" content=\"summary_large_image\" \/>\n<meta name=\"twitter:label1\" content=\"Est. reading time\" \/>\n\t<meta name=\"twitter:data1\" content=\"1 minute\" \/>\n<script type=\"application\/ld+json\" class=\"yoast-schema-graph\">{\"@context\":\"https:\/\/schema.org\",\"@graph\":[{\"@type\":\"WebPage\",\"@id\":\"https:\/\/wfa.uwr.edu.pl\/en\/incubators-of-scientific-excellence\/\",\"url\":\"https:\/\/wfa.uwr.edu.pl\/en\/incubators-of-scientific-excellence\/\",\"name\":\"Incubators of Scientific Excellence - Faculty of Physics and Astronomy\",\"isPartOf\":{\"@id\":\"https:\/\/wfa.uwr.edu.pl\/#website\"},\"primaryImageOfPage\":{\"@id\":\"https:\/\/wfa.uwr.edu.pl\/en\/incubators-of-scientific-excellence\/#primaryimage\"},\"image\":{\"@id\":\"https:\/\/wfa.uwr.edu.pl\/en\/incubators-of-scientific-excellence\/#primaryimage\"},\"thumbnailUrl\":\"\",\"datePublished\":\"2025-01-22T12:30:40+00:00\",\"dateModified\":\"2025-01-22T12:30:46+00:00\",\"description\":\"Wydzia\u0142 Fizyki i Astronomii\",\"breadcrumb\":{\"@id\":\"https:\/\/wfa.uwr.edu.pl\/en\/incubators-of-scientific-excellence\/#breadcrumb\"},\"inLanguage\":\"en-US\",\"potentialAction\":[{\"@type\":\"ReadAction\",\"target\":[\"https:\/\/wfa.uwr.edu.pl\/en\/incubators-of-scientific-excellence\/\"]}]},{\"@type\":\"ImageObject\",\"inLanguage\":\"en-US\",\"@id\":\"https:\/\/wfa.uwr.edu.pl\/en\/incubators-of-scientific-excellence\/#primaryimage\",\"url\":\"\",\"contentUrl\":\"\"},{\"@type\":\"BreadcrumbList\",\"@id\":\"https:\/\/wfa.uwr.edu.pl\/en\/incubators-of-scientific-excellence\/#breadcrumb\",\"itemListElement\":[{\"@type\":\"ListItem\",\"position\":1,\"name\":\"Strona g\u0142\u00f3wna\",\"item\":\"https:\/\/wfa.uwr.edu.pl\/en\/\"},{\"@type\":\"ListItem\",\"position\":2,\"name\":\"Incubators of Scientific Excellence\"}]},{\"@type\":\"WebSite\",\"@id\":\"https:\/\/wfa.uwr.edu.pl\/#website\",\"url\":\"https:\/\/wfa.uwr.edu.pl\/\",\"name\":\"Faculty of Physics and Astronomy\",\"description\":\"Kolejna witryna sieci \u201eUWR Witryny\u201d\",\"potentialAction\":[{\"@type\":\"SearchAction\",\"target\":{\"@type\":\"EntryPoint\",\"urlTemplate\":\"https:\/\/wfa.uwr.edu.pl\/?s={search_term_string}\"},\"query-input\":{\"@type\":\"PropertyValueSpecification\",\"valueRequired\":true,\"valueName\":\"search_term_string\"}}],\"inLanguage\":\"en-US\"}]}<\/script>\n<!-- \/ Yoast SEO plugin. -->","yoast_head_json":{"title":"Incubators of Scientific Excellence - Faculty of Physics and Astronomy","description":"Wydzia\u0142 Fizyki i Astronomii","robots":{"index":"index","follow":"follow","max-snippet":"max-snippet:-1","max-image-preview":"max-image-preview:large","max-video-preview":"max-video-preview:-1"},"canonical":"https:\/\/wfa.uwr.edu.pl\/en\/incubators-of-scientific-excellence\/","og_locale":"en_US","og_type":"article","og_title":"Incubators of Scientific Excellence - Faculty of Physics and Astronomy","og_description":"Wydzia\u0142 Fizyki i Astronomii","og_url":"https:\/\/wfa.uwr.edu.pl\/en\/incubators-of-scientific-excellence\/","og_site_name":"Faculty of Physics and Astronomy","article_modified_time":"2025-01-22T12:30:46+00:00","twitter_card":"summary_large_image","twitter_misc":{"Est. reading time":"1 minute"},"schema":{"@context":"https:\/\/schema.org","@graph":[{"@type":"WebPage","@id":"https:\/\/wfa.uwr.edu.pl\/en\/incubators-of-scientific-excellence\/","url":"https:\/\/wfa.uwr.edu.pl\/en\/incubators-of-scientific-excellence\/","name":"Incubators of Scientific Excellence - Faculty of Physics and Astronomy","isPartOf":{"@id":"https:\/\/wfa.uwr.edu.pl\/#website"},"primaryImageOfPage":{"@id":"https:\/\/wfa.uwr.edu.pl\/en\/incubators-of-scientific-excellence\/#primaryimage"},"image":{"@id":"https:\/\/wfa.uwr.edu.pl\/en\/incubators-of-scientific-excellence\/#primaryimage"},"thumbnailUrl":"","datePublished":"2025-01-22T12:30:40+00:00","dateModified":"2025-01-22T12:30:46+00:00","description":"Wydzia\u0142 Fizyki i Astronomii","breadcrumb":{"@id":"https:\/\/wfa.uwr.edu.pl\/en\/incubators-of-scientific-excellence\/#breadcrumb"},"inLanguage":"en-US","potentialAction":[{"@type":"ReadAction","target":["https:\/\/wfa.uwr.edu.pl\/en\/incubators-of-scientific-excellence\/"]}]},{"@type":"ImageObject","inLanguage":"en-US","@id":"https:\/\/wfa.uwr.edu.pl\/en\/incubators-of-scientific-excellence\/#primaryimage","url":"","contentUrl":""},{"@type":"BreadcrumbList","@id":"https:\/\/wfa.uwr.edu.pl\/en\/incubators-of-scientific-excellence\/#breadcrumb","itemListElement":[{"@type":"ListItem","position":1,"name":"Strona g\u0142\u00f3wna","item":"https:\/\/wfa.uwr.edu.pl\/en\/"},{"@type":"ListItem","position":2,"name":"Incubators of Scientific Excellence"}]},{"@type":"WebSite","@id":"https:\/\/wfa.uwr.edu.pl\/#website","url":"https:\/\/wfa.uwr.edu.pl\/","name":"Faculty of Physics and Astronomy","description":"Kolejna witryna sieci \u201eUWR Witryny\u201d","potentialAction":[{"@type":"SearchAction","target":{"@type":"EntryPoint","urlTemplate":"https:\/\/wfa.uwr.edu.pl\/?s={search_term_string}"},"query-input":{"@type":"PropertyValueSpecification","valueRequired":true,"valueName":"search_term_string"}}],"inLanguage":"en-US"}]}},"publishpress_future_action":{"enabled":false,"date":"2026-05-20 09:19:05","action":"change-status","newStatus":"draft","terms":[],"taxonomy":"category","extraData":[]},"publishpress_future_workflow_manual_trigger":{"enabledWorkflows":[]},"_links":{"self":[{"href":"https:\/\/wfa.uwr.edu.pl\/en\/wp-json\/wp\/v2\/pages\/83788\/"}],"collection":[{"href":"https:\/\/wfa.uwr.edu.pl\/en\/wp-json\/wp\/v2\/pages\/"}],"about":[{"href":"https:\/\/wfa.uwr.edu.pl\/en\/wp-json\/wp\/v2\/types\/page\/"}],"author":[{"embeddable":true,"href":"https:\/\/wfa.uwr.edu.pl\/en\/wp-json\/wp\/v2\/users\/7182\/"}],"replies":[{"embeddable":true,"href":"https:\/\/wfa.uwr.edu.pl\/en\/wp-json\/wp\/v2\/comments\/?post=83788"}],"version-history":[{"count":1,"href":"https:\/\/wfa.uwr.edu.pl\/en\/wp-json\/wp\/v2\/pages\/83788\/revisions\/"}],"predecessor-version":[{"id":83791,"href":"https:\/\/wfa.uwr.edu.pl\/en\/wp-json\/wp\/v2\/pages\/83788\/revisions\/83791\/"}],"wp:featuredmedia":[{"embeddable":true,"href":"https:\/\/wfa.uwr.edu.pl\/en\/wp-json\/"}],"wp:attachment":[{"href":"https:\/\/wfa.uwr.edu.pl\/en\/wp-json\/wp\/v2\/media\/?parent=83788"}],"wp:term":[{"taxonomy":"category","embeddable":true,"href":"https:\/\/wfa.uwr.edu.pl\/en\/wp-json\/wp\/v2\/categories\/?post=83788"},{"taxonomy":"post_tag","embeddable":true,"href":"https:\/\/wfa.uwr.edu.pl\/en\/wp-json\/wp\/v2\/tags\/?post=83788"}],"curies":[{"name":"wp","href":"https:\/\/api.w.org\/{rel}","templated":true}]}}