{"id":83402,"date":"2025-01-17T12:42:20","date_gmt":"2025-01-17T11:42:20","guid":{"rendered":"https:\/\/wfa.uwr.edu.pl\/?page_id=83402"},"modified":"2025-02-06T14:56:39","modified_gmt":"2025-02-06T13:56:39","slug":"department-of-astrophysics-and-classic-astronomy","status":"publish","type":"page","link":"https:\/\/wfa.uwr.edu.pl\/en\/institute-of-astronomy\/department-of-astrophysics-and-classic-astronomy\/","title":{"rendered":"Division of Astrophysics and Classic Astronomy"},"content":{"rendered":"\n<div class=\"wp-block-media-text alignwide is-stacked-on-mobile is-image-fill bs-news-page bs-page-links\"><figure class=\"wp-block-media-text__media\" style=\"background-image:url(https:\/\/wfa.uwr.edu.pl\/wp-content\/uploads\/sites\/216\/2024\/12\/teleskop_astro-1024x678.jpg);background-position:50% 50%\"><img loading=\"lazy\" decoding=\"async\" width=\"1024\" height=\"678\" src=\"https:\/\/wfa.uwr.edu.pl\/wp-content\/uploads\/sites\/216\/2024\/12\/teleskop_astro-1024x678.jpg\" alt=\"teleskop astrofizyczny\" class=\"wp-image-82199 size-full\" srcset=\"https:\/\/wfa.uwr.edu.pl\/wp-content\/uploads\/sites\/216\/2024\/12\/teleskop_astro-1024x678.jpg 1024w, https:\/\/wfa.uwr.edu.pl\/wp-content\/uploads\/sites\/216\/2024\/12\/teleskop_astro-300x199.jpg 300w, https:\/\/wfa.uwr.edu.pl\/wp-content\/uploads\/sites\/216\/2024\/12\/teleskop_astro-768x509.jpg 768w, https:\/\/wfa.uwr.edu.pl\/wp-content\/uploads\/sites\/216\/2024\/12\/teleskop_astro-1536x1018.jpg 1536w, https:\/\/wfa.uwr.edu.pl\/wp-content\/uploads\/sites\/216\/2024\/12\/teleskop_astro-24x16.jpg 24w, https:\/\/wfa.uwr.edu.pl\/wp-content\/uploads\/sites\/216\/2024\/12\/teleskop_astro-36x24.jpg 36w, https:\/\/wfa.uwr.edu.pl\/wp-content\/uploads\/sites\/216\/2024\/12\/teleskop_astro-48x32.jpg 48w, https:\/\/wfa.uwr.edu.pl\/wp-content\/uploads\/sites\/216\/2024\/12\/teleskop_astro-1320x875.jpg 1320w, https:\/\/wfa.uwr.edu.pl\/wp-content\/uploads\/sites\/216\/2024\/12\/teleskop_astro.jpg 1920w\" sizes=\"auto, (max-width: 1024px) 100vw, 1024px\" \/><\/figure><div class=\"wp-block-media-text__content\">\n<div class=\"wp-block-bonasoft-modular-breadcrumbs-block\"><div class=\"bs_add_breadcrumb_trail\"><\/div><\/div>\n\n\n\n<hr class=\"wp-block-separator has-text-color has-black-color has-css-opacity has-black-background-color has-background is-style-wide bs-border-kontakt\"\/>\n\n\n\n<h1 class=\"wp-block-heading bs-naglowek-podstrony\"><strong>Division of Astrophysics and Classic Astronomy<\/strong><\/h1>\n\n\n\n<h2 class=\"wp-block-heading\"><strong>Astrophysics<\/strong><\/h2>\n\n\n\n<p><strong>Astrophysics<\/strong> is one of the two fields of astronomy within which research is carried out in the <strong>Division of Astrophysics and Classic Astronomy (DAPaCA)<\/strong> of the IA UWr.<\/p>\n\n\n\n<p>At the disposal of Wroc\u0142aw astronomers is a 60-cm Cassegrain telescope in Bia\u0142k\u00f3w equipped with a professional CCD camera (Andor iKon DW432 BV), sets of Johnson, Str\u00f6mgren, and H\u03b1 filters, and telescope autoguider. The observations that we use in our research are also carried out in other observatories, among others the SAAO, ESO, SSO, DDO, and OHP.<\/p>\n<\/div><\/div>\n\n\n\n<p>The main topic of research in the <strong>Division of Astrophysics and Classic Astronomy (DAPaCA)<\/strong> of the IA UWr are variable stars, and above all pulsating stars. The most significant research projects realized in the DAPaCA are:<\/p>\n\n\n\n<ul class=\"wp-block-list\">\n<li>Searching for B type variable stars in young open clusters. In particular it concerns the \u03b2 Cephei type variables and slowly pulsating B type (SPB) stars. Within the program of searching for variable stars, multicolor photometry<strong> <\/strong>BV(RI)<sub>C&nbsp; <\/sub>of open clusters is also carried out.<\/li>\n\n\n\n<li>Reviewing open clusters for the presence of Be stars. For this purpose, H\u03b1 photometry is performed in two filters with half-widths of 3 and 20 nm, respectively.<\/li>\n\n\n\n<li>Analysis of photometry and spectroscopy obtained within ground observation projects, e.g. OGLE, MACHO and ASAS, LAMOST and others.<\/li>\n\n\n\n<li>Analysis of photometry and spectroscopy obtained within satellite mission projects, e.g. HST, Kepler, TESS and others.<\/li>\n\n\n\n<li>Studying RR Lyrae and SX Phe type stars in globular clusters.<\/li>\n\n\n\n<li>Modelling pulsating properties of \u03b2 Cephei and \u03b4 Scuti type stars. Determination of nonadiabatic observables and identification of pulsation modes in those stars.<\/li>\n\n\n\n<li>Asteroseismology of main sequence pulsating stars.<\/li>\n\n\n\n<li>Determination of astrophysical properties of hot stars with particular use of observations made in ultraviolet.<\/li>\n\n\n\n<li>Determination of chemical composition of the atmospheres of hot stars.<\/li>\n\n\n\n<li>Search and analysis of pulsating compounds of eclipsing systems.<\/li>\n<\/ul>\n","protected":false},"excerpt":{"rendered":"<p>The main topic of research in the Division of Astrophysics and Classic Astronomy (DAPaCA) of the IA UWr are variable stars, and above all pulsating stars. The most significant research projects realized in the DAPaCA are:<\/p>\n","protected":false},"author":7182,"featured_media":82199,"parent":83271,"menu_order":6,"comment_status":"closed","ping_status":"closed","template":"","meta":{"_acf_changed":false,"inline_featured_image":false,"site-sidebar-layout":"default","site-content-layout":"","ast-site-content-layout":"default","site-content-style":"default","site-sidebar-style":"default","ast-global-header-display":"","ast-banner-title-visibility":"","ast-main-header-display":"","ast-hfb-above-header-display":"","ast-hfb-below-header-display":"","ast-hfb-mobile-header-display":"","site-post-title":"","ast-breadcrumbs-content":"","ast-featured-img":"","footer-sml-layout":"","ast-disable-related-posts":"","theme-transparent-header-meta":"","adv-header-id-meta":"","stick-header-meta":"","header-above-stick-meta":"","header-main-stick-meta":"","header-below-stick-meta":"","astra-migrate-meta-layouts":"set","ast-page-background-enabled":"default","ast-page-background-meta":{"desktop":{"background-color":"","background-image":"","background-repeat":"repeat","background-position":"center center","background-size":"auto","background-attachment":"scroll","background-type":"","background-media":"","overlay-type":"","overlay-color":"","overlay-opacity":"","overlay-gradient":""},"tablet":{"background-color":"","background-image":"","background-repeat":"repeat","background-position":"center center","background-size":"auto","background-attachment":"scroll","background-type":"","background-media":"","overlay-type":"","overlay-color":"","overlay-opacity":"","overlay-gradient":""},"mobile":{"background-color":"","background-image":"","background-repeat":"repeat","background-position":"center center","background-size":"auto","background-attachment":"scroll","background-type":"","background-media":"","overlay-type":"","overlay-color":"","overlay-opacity":"","overlay-gradient":""}},"ast-content-background-meta":{"desktop":{"background-color":"var(--ast-global-color-5)","background-image":"","background-repeat":"repeat","background-position":"center center","background-size":"auto","background-attachment":"scroll","background-type":"","background-media":"","overlay-type":"","overlay-color":"","overlay-opacity":"","overlay-gradient":""},"tablet":{"background-color":"var(--ast-global-color-5)","background-image":"","background-repeat":"repeat","background-position":"center center","background-size":"auto","background-attachment":"scroll","background-type":"","background-media":"","overlay-type":"","overlay-color":"","overlay-opacity":"","overlay-gradient":""},"mobile":{"background-color":"var(--ast-global-color-5)","background-image":"","background-repeat":"repeat","background-position":"center center","background-size":"auto","background-attachment":"scroll","background-type":"","background-media":"","overlay-type":"","overlay-color":"","overlay-opacity":"","overlay-gradient":""}},"footnotes":""},"categories":[],"tags":[],"class_list":["post-83402","page","type-page","status-publish","has-post-thumbnail","hentry"],"featured_image_urls_v2":{"full":["https:\/\/wfa.uwr.edu.pl\/wp-content\/uploads\/sites\/216\/2024\/12\/teleskop_astro.jpg",1920,1272,false],"thumbnail":["https:\/\/wfa.uwr.edu.pl\/wp-content\/uploads\/sites\/216\/2024\/12\/teleskop_astro-150x150.jpg",150,150,true],"medium":["https:\/\/wfa.uwr.edu.pl\/wp-content\/uploads\/sites\/216\/2024\/12\/teleskop_astro-300x199.jpg",300,199,true],"medium_large":["https:\/\/wfa.uwr.edu.pl\/wp-content\/uploads\/sites\/216\/2024\/12\/teleskop_astro-768x509.jpg",768,509,true],"large":["https:\/\/wfa.uwr.edu.pl\/wp-content\/uploads\/sites\/216\/2024\/12\/teleskop_astro-1024x678.jpg",1024,678,true],"1536x1536":["https:\/\/wfa.uwr.edu.pl\/wp-content\/uploads\/sites\/216\/2024\/12\/teleskop_astro-1536x1018.jpg",1536,1018,true],"2048x2048":["https:\/\/wfa.uwr.edu.pl\/wp-content\/uploads\/sites\/216\/2024\/12\/teleskop_astro.jpg",1920,1272,false],"menu-24x24":["https:\/\/wfa.uwr.edu.pl\/wp-content\/uploads\/sites\/216\/2024\/12\/teleskop_astro-24x16.jpg",24,16,true],"menu-36x36":["https:\/\/wfa.uwr.edu.pl\/wp-content\/uploads\/sites\/216\/2024\/12\/teleskop_astro-36x24.jpg",36,24,true],"menu-48x48":["https:\/\/wfa.uwr.edu.pl\/wp-content\/uploads\/sites\/216\/2024\/12\/teleskop_astro-48x32.jpg",48,32,true]},"post_excerpt_stackable_v2":"<p>Division of Astrophysics and Classic Astronomy Astrophysics Astrophysics is one of the two fields of astronomy within which research is carried out in the Division of Astrophysics and Classic Astronomy (DAPaCA) of the IA UWr. At the disposal of Wroc\u0142aw astronomers is a 60-cm Cassegrain telescope in Bia\u0142k\u00f3w equipped with a professional CCD camera (Andor iKon DW432 BV), sets of Johnson, Str\u00f6mgren, and H\u03b1 filters, and telescope autoguider. The observations that we use in our research are also carried out in other observatories, among others the SAAO, ESO, SSO, DDO, and OHP. The main topic of research in the Division&hellip;<\/p>\n","category_list_v2":"Uncategorized","author_info_v2":{"name":"kswistak","url":"https:\/\/wfa.uwr.edu.pl\/en\/author\/kswistak\/"},"comments_num_v2":"0 comments","acf":[],"yoast_head":"<!-- This site is optimized with the Yoast SEO plugin v27.1.1 - https:\/\/yoast.com\/product\/yoast-seo-wordpress\/ -->\n<title>Division of Astrophysics and Classic Astronomy - Faculty of Physics and Astronomy<\/title>\n<meta name=\"description\" content=\"Wydzia\u0142 Fizyki i Astronomii\" \/>\n<meta name=\"robots\" content=\"index, follow, max-snippet:-1, max-image-preview:large, max-video-preview:-1\" \/>\n<link rel=\"canonical\" href=\"https:\/\/wfa.uwr.edu.pl\/en\/institute-of-astronomy\/department-of-astrophysics-and-classic-astronomy\/\" \/>\n<meta property=\"og:locale\" content=\"en_US\" \/>\n<meta property=\"og:type\" content=\"article\" \/>\n<meta property=\"og:title\" content=\"Division of Astrophysics and Classic Astronomy - Faculty of Physics and Astronomy\" \/>\n<meta property=\"og:description\" content=\"Wydzia\u0142 Fizyki i Astronomii\" \/>\n<meta property=\"og:url\" content=\"https:\/\/wfa.uwr.edu.pl\/en\/institute-of-astronomy\/department-of-astrophysics-and-classic-astronomy\/\" \/>\n<meta property=\"og:site_name\" content=\"Faculty of Physics and Astronomy\" \/>\n<meta property=\"article:modified_time\" content=\"2025-02-06T13:56:39+00:00\" \/>\n<meta property=\"og:image\" content=\"https:\/\/wfa.uwr.edu.pl\/wp-content\/uploads\/sites\/216\/2024\/12\/teleskop_astro.jpg\" \/>\n\t<meta property=\"og:image:width\" content=\"1920\" \/>\n\t<meta property=\"og:image:height\" content=\"1272\" \/>\n\t<meta property=\"og:image:type\" content=\"image\/jpeg\" \/>\n<meta name=\"twitter:card\" content=\"summary_large_image\" \/>\n<meta name=\"twitter:label1\" content=\"Est. reading time\" \/>\n\t<meta name=\"twitter:data1\" content=\"3 minutes\" \/>\n<script type=\"application\/ld+json\" class=\"yoast-schema-graph\">{\"@context\":\"https:\/\/schema.org\",\"@graph\":[{\"@type\":\"WebPage\",\"@id\":\"https:\/\/wfa.uwr.edu.pl\/en\/institute-of-astronomy\/department-of-astrophysics-and-classic-astronomy\/\",\"url\":\"https:\/\/wfa.uwr.edu.pl\/en\/institute-of-astronomy\/department-of-astrophysics-and-classic-astronomy\/\",\"name\":\"Division of Astrophysics and Classic Astronomy - Faculty of Physics and Astronomy\",\"isPartOf\":{\"@id\":\"https:\/\/wfa.uwr.edu.pl\/#website\"},\"primaryImageOfPage\":{\"@id\":\"https:\/\/wfa.uwr.edu.pl\/en\/institute-of-astronomy\/department-of-astrophysics-and-classic-astronomy\/#primaryimage\"},\"image\":{\"@id\":\"https:\/\/wfa.uwr.edu.pl\/en\/institute-of-astronomy\/department-of-astrophysics-and-classic-astronomy\/#primaryimage\"},\"thumbnailUrl\":\"https:\/\/wfa.uwr.edu.pl\/wp-content\/uploads\/sites\/216\/2024\/12\/teleskop_astro.jpg\",\"datePublished\":\"2025-01-17T11:42:20+00:00\",\"dateModified\":\"2025-02-06T13:56:39+00:00\",\"description\":\"Wydzia\u0142 Fizyki i Astronomii\",\"breadcrumb\":{\"@id\":\"https:\/\/wfa.uwr.edu.pl\/en\/institute-of-astronomy\/department-of-astrophysics-and-classic-astronomy\/#breadcrumb\"},\"inLanguage\":\"en-US\",\"potentialAction\":[{\"@type\":\"ReadAction\",\"target\":[\"https:\/\/wfa.uwr.edu.pl\/en\/institute-of-astronomy\/department-of-astrophysics-and-classic-astronomy\/\"]}]},{\"@type\":\"ImageObject\",\"inLanguage\":\"en-US\",\"@id\":\"https:\/\/wfa.uwr.edu.pl\/en\/institute-of-astronomy\/department-of-astrophysics-and-classic-astronomy\/#primaryimage\",\"url\":\"https:\/\/wfa.uwr.edu.pl\/wp-content\/uploads\/sites\/216\/2024\/12\/teleskop_astro.jpg\",\"contentUrl\":\"https:\/\/wfa.uwr.edu.pl\/wp-content\/uploads\/sites\/216\/2024\/12\/teleskop_astro.jpg\",\"width\":1920,\"height\":1272,\"caption\":\"Zdj\u0119cie: Dawid Mo\u017adzierski\"},{\"@type\":\"BreadcrumbList\",\"@id\":\"https:\/\/wfa.uwr.edu.pl\/en\/institute-of-astronomy\/department-of-astrophysics-and-classic-astronomy\/#breadcrumb\",\"itemListElement\":[{\"@type\":\"ListItem\",\"position\":1,\"name\":\"Strona g\u0142\u00f3wna\",\"item\":\"https:\/\/wfa.uwr.edu.pl\/en\/\"},{\"@type\":\"ListItem\",\"position\":2,\"name\":\"Institute of Astronomy\",\"item\":\"https:\/\/wfa.uwr.edu.pl\/en\/institute-of-astronomy\/\"},{\"@type\":\"ListItem\",\"position\":3,\"name\":\"Division of Astrophysics and Classic Astronomy\"}]},{\"@type\":\"WebSite\",\"@id\":\"https:\/\/wfa.uwr.edu.pl\/#website\",\"url\":\"https:\/\/wfa.uwr.edu.pl\/\",\"name\":\"Faculty of Physics and Astronomy\",\"description\":\"Kolejna witryna sieci \u201eUWR Witryny\u201d\",\"potentialAction\":[{\"@type\":\"SearchAction\",\"target\":{\"@type\":\"EntryPoint\",\"urlTemplate\":\"https:\/\/wfa.uwr.edu.pl\/?s={search_term_string}\"},\"query-input\":{\"@type\":\"PropertyValueSpecification\",\"valueRequired\":true,\"valueName\":\"search_term_string\"}}],\"inLanguage\":\"en-US\"}]}<\/script>\n<!-- \/ Yoast SEO plugin. -->","yoast_head_json":{"title":"Division of Astrophysics and Classic Astronomy - Faculty of Physics and Astronomy","description":"Wydzia\u0142 Fizyki i Astronomii","robots":{"index":"index","follow":"follow","max-snippet":"max-snippet:-1","max-image-preview":"max-image-preview:large","max-video-preview":"max-video-preview:-1"},"canonical":"https:\/\/wfa.uwr.edu.pl\/en\/institute-of-astronomy\/department-of-astrophysics-and-classic-astronomy\/","og_locale":"en_US","og_type":"article","og_title":"Division of Astrophysics and Classic Astronomy - Faculty of Physics and Astronomy","og_description":"Wydzia\u0142 Fizyki i Astronomii","og_url":"https:\/\/wfa.uwr.edu.pl\/en\/institute-of-astronomy\/department-of-astrophysics-and-classic-astronomy\/","og_site_name":"Faculty of Physics and Astronomy","article_modified_time":"2025-02-06T13:56:39+00:00","og_image":[{"width":1920,"height":1272,"url":"https:\/\/wfa.uwr.edu.pl\/wp-content\/uploads\/sites\/216\/2024\/12\/teleskop_astro.jpg","type":"image\/jpeg"}],"twitter_card":"summary_large_image","twitter_misc":{"Est. reading time":"3 minutes"},"schema":{"@context":"https:\/\/schema.org","@graph":[{"@type":"WebPage","@id":"https:\/\/wfa.uwr.edu.pl\/en\/institute-of-astronomy\/department-of-astrophysics-and-classic-astronomy\/","url":"https:\/\/wfa.uwr.edu.pl\/en\/institute-of-astronomy\/department-of-astrophysics-and-classic-astronomy\/","name":"Division of Astrophysics and Classic Astronomy - Faculty of Physics and Astronomy","isPartOf":{"@id":"https:\/\/wfa.uwr.edu.pl\/#website"},"primaryImageOfPage":{"@id":"https:\/\/wfa.uwr.edu.pl\/en\/institute-of-astronomy\/department-of-astrophysics-and-classic-astronomy\/#primaryimage"},"image":{"@id":"https:\/\/wfa.uwr.edu.pl\/en\/institute-of-astronomy\/department-of-astrophysics-and-classic-astronomy\/#primaryimage"},"thumbnailUrl":"https:\/\/wfa.uwr.edu.pl\/wp-content\/uploads\/sites\/216\/2024\/12\/teleskop_astro.jpg","datePublished":"2025-01-17T11:42:20+00:00","dateModified":"2025-02-06T13:56:39+00:00","description":"Wydzia\u0142 Fizyki i Astronomii","breadcrumb":{"@id":"https:\/\/wfa.uwr.edu.pl\/en\/institute-of-astronomy\/department-of-astrophysics-and-classic-astronomy\/#breadcrumb"},"inLanguage":"en-US","potentialAction":[{"@type":"ReadAction","target":["https:\/\/wfa.uwr.edu.pl\/en\/institute-of-astronomy\/department-of-astrophysics-and-classic-astronomy\/"]}]},{"@type":"ImageObject","inLanguage":"en-US","@id":"https:\/\/wfa.uwr.edu.pl\/en\/institute-of-astronomy\/department-of-astrophysics-and-classic-astronomy\/#primaryimage","url":"https:\/\/wfa.uwr.edu.pl\/wp-content\/uploads\/sites\/216\/2024\/12\/teleskop_astro.jpg","contentUrl":"https:\/\/wfa.uwr.edu.pl\/wp-content\/uploads\/sites\/216\/2024\/12\/teleskop_astro.jpg","width":1920,"height":1272,"caption":"Zdj\u0119cie: Dawid Mo\u017adzierski"},{"@type":"BreadcrumbList","@id":"https:\/\/wfa.uwr.edu.pl\/en\/institute-of-astronomy\/department-of-astrophysics-and-classic-astronomy\/#breadcrumb","itemListElement":[{"@type":"ListItem","position":1,"name":"Strona g\u0142\u00f3wna","item":"https:\/\/wfa.uwr.edu.pl\/en\/"},{"@type":"ListItem","position":2,"name":"Institute of Astronomy","item":"https:\/\/wfa.uwr.edu.pl\/en\/institute-of-astronomy\/"},{"@type":"ListItem","position":3,"name":"Division of Astrophysics and Classic Astronomy"}]},{"@type":"WebSite","@id":"https:\/\/wfa.uwr.edu.pl\/#website","url":"https:\/\/wfa.uwr.edu.pl\/","name":"Faculty of Physics and Astronomy","description":"Kolejna witryna sieci \u201eUWR Witryny\u201d","potentialAction":[{"@type":"SearchAction","target":{"@type":"EntryPoint","urlTemplate":"https:\/\/wfa.uwr.edu.pl\/?s={search_term_string}"},"query-input":{"@type":"PropertyValueSpecification","valueRequired":true,"valueName":"search_term_string"}}],"inLanguage":"en-US"}]}},"publishpress_future_action":{"enabled":false,"date":"2026-05-20 10:54:37","action":"change-status","newStatus":"draft","terms":[],"taxonomy":"category","extraData":[]},"publishpress_future_workflow_manual_trigger":{"enabledWorkflows":[]},"_links":{"self":[{"href":"https:\/\/wfa.uwr.edu.pl\/en\/wp-json\/wp\/v2\/pages\/83402\/"}],"collection":[{"href":"https:\/\/wfa.uwr.edu.pl\/en\/wp-json\/wp\/v2\/pages\/"}],"about":[{"href":"https:\/\/wfa.uwr.edu.pl\/en\/wp-json\/wp\/v2\/types\/page\/"}],"author":[{"embeddable":true,"href":"https:\/\/wfa.uwr.edu.pl\/en\/wp-json\/wp\/v2\/users\/7182\/"}],"replies":[{"embeddable":true,"href":"https:\/\/wfa.uwr.edu.pl\/en\/wp-json\/wp\/v2\/comments\/?post=83402"}],"version-history":[{"count":2,"href":"https:\/\/wfa.uwr.edu.pl\/en\/wp-json\/wp\/v2\/pages\/83402\/revisions\/"}],"predecessor-version":[{"id":84730,"href":"https:\/\/wfa.uwr.edu.pl\/en\/wp-json\/wp\/v2\/pages\/83402\/revisions\/84730\/"}],"up":[{"embeddable":true,"href":"https:\/\/wfa.uwr.edu.pl\/en\/wp-json\/wp\/v2\/pages\/83271\/"}],"wp:featuredmedia":[{"embeddable":true,"href":"https:\/\/wfa.uwr.edu.pl\/en\/wp-json\/wp\/v2\/media\/82199\/"}],"wp:attachment":[{"href":"https:\/\/wfa.uwr.edu.pl\/en\/wp-json\/wp\/v2\/media\/?parent=83402"}],"wp:term":[{"taxonomy":"category","embeddable":true,"href":"https:\/\/wfa.uwr.edu.pl\/en\/wp-json\/wp\/v2\/categories\/?post=83402"},{"taxonomy":"post_tag","embeddable":true,"href":"https:\/\/wfa.uwr.edu.pl\/en\/wp-json\/wp\/v2\/tags\/?post=83402"}],"curies":[{"name":"wp","href":"https:\/\/api.w.org\/{rel}","templated":true}]}}