{"id":83367,"date":"2025-01-16T14:37:37","date_gmt":"2025-01-16T13:37:37","guid":{"rendered":"https:\/\/wfa.uwr.edu.pl\/?page_id=83367"},"modified":"2025-01-16T14:37:45","modified_gmt":"2025-01-16T13:37:45","slug":"local-databases","status":"publish","type":"page","link":"https:\/\/wfa.uwr.edu.pl\/en\/institute-of-astronomy\/local-databases\/","title":{"rendered":"Local databases"},"content":{"rendered":"\n<div class=\"wp-block-ugb-container ugb-container blok_nowa_podstrona ugb-8dda971 ugb-container--v2 ugb-container--design-plain ugb-main-block\"><div class=\"ugb-inner-block\"><div class=\"ugb-block-content\"><div class=\"ugb-container__wrapper ugb-8dda971-wrapper\"><div class=\"ugb-container__side\"><div class=\"ugb-container__content-wrapper ugb-8dda971-content-wrapper\">\n<div class=\"wp-block-columns bs-news-page is-layout-flex wp-block-columns-is-layout-flex\">\n<div class=\"wp-block-column bs-kontakt-photo is-layout-flow wp-block-column-is-layout-flow\">\n<figure class=\"wp-block-image size-full\"><img loading=\"lazy\" decoding=\"async\" width=\"1024\" height=\"683\" src=\"https:\/\/wfa.uwr.edu.pl\/wp-content\/uploads\/sites\/216\/2023\/02\/P7A2417-1024x683-1.jpg\" alt=\"Rega\u0142 z ksi\u0105\u017ckami\" class=\"wp-image-45564\" srcset=\"https:\/\/wfa.uwr.edu.pl\/wp-content\/uploads\/sites\/216\/2023\/02\/P7A2417-1024x683-1.jpg 1024w, https:\/\/wfa.uwr.edu.pl\/wp-content\/uploads\/sites\/216\/2023\/02\/P7A2417-1024x683-1-300x200.jpg 300w, https:\/\/wfa.uwr.edu.pl\/wp-content\/uploads\/sites\/216\/2023\/02\/P7A2417-1024x683-1-768x512.jpg 768w, https:\/\/wfa.uwr.edu.pl\/wp-content\/uploads\/sites\/216\/2023\/02\/P7A2417-1024x683-1-24x16.jpg 24w, https:\/\/wfa.uwr.edu.pl\/wp-content\/uploads\/sites\/216\/2023\/02\/P7A2417-1024x683-1-36x24.jpg 36w, https:\/\/wfa.uwr.edu.pl\/wp-content\/uploads\/sites\/216\/2023\/02\/P7A2417-1024x683-1-48x32.jpg 48w\" sizes=\"auto, (max-width: 1024px) 100vw, 1024px\" \/><\/figure>\n<\/div>\n\n\n\n<div class=\"wp-block-column bs-contact-right-column is-layout-flow wp-block-column-is-layout-flow\">\n<div class=\"wp-block-bonasoft-modular-breadcrumbs-block\"><div class=\"bs_add_breadcrumb_trail\"><\/div><\/div>\n\n\n\n<hr class=\"wp-block-separator has-text-color has-black-color has-css-opacity has-black-background-color has-background is-style-wide bs-border-kontakt\"\/>\n\n\n\n<h1 class=\"wp-block-heading bs-naglowek-podstrony\"><strong><strong>Local databases<\/strong><\/strong><\/h1>\n\n\n\n<p><strong>Local databases<\/strong> contain information that cannot be published in its full form in a scientific journal or is not published in this way at all, but simultaneously may be useful for many researchers. Currently we grant access to four local databases:<\/p>\n<\/div>\n<\/div>\n\n\n\n<div class=\"wp-block-ugb-container ugb-container bs-news-page-under ugb-f8694ce ugb-container--v2 ugb-container--design-plain ugb-main-block\"><div class=\"ugb-inner-block\"><div class=\"ugb-block-content\"><div class=\"ugb-container__wrapper ugb-f8694ce-wrapper\"><div class=\"ugb-container__side\"><div class=\"ugb-container__content-wrapper ugb-f8694ce-content-wrapper\">\n<div class=\"wp-block-columns is-layout-flex wp-block-columns-is-layout-flex\">\n<div class=\"wp-block-column is-layout-flow wp-block-column-is-layout-flow\">\n<figure class=\"wp-block-image size-full\"><img loading=\"lazy\" decoding=\"async\" width=\"300\" height=\"175\" src=\"https:\/\/wfa.uwr.edu.pl\/wp-content\/uploads\/sites\/216\/2023\/02\/1.jpeg\" alt=\"Katalog rentgenowskich wyrzut\u00f3w plazmy\" class=\"wp-image-46143\" srcset=\"https:\/\/wfa.uwr.edu.pl\/wp-content\/uploads\/sites\/216\/2023\/02\/1.jpeg 300w, https:\/\/wfa.uwr.edu.pl\/wp-content\/uploads\/sites\/216\/2023\/02\/1-24x14.jpeg 24w, https:\/\/wfa.uwr.edu.pl\/wp-content\/uploads\/sites\/216\/2023\/02\/1-36x21.jpeg 36w, https:\/\/wfa.uwr.edu.pl\/wp-content\/uploads\/sites\/216\/2023\/02\/1-48x28.jpeg 48w\" sizes=\"auto, (max-width: 300px) 100vw, 300px\" \/><\/figure>\n<\/div>\n\n\n\n<div class=\"wp-block-column is-layout-flow wp-block-column-is-layout-flow\">\n<p><strong>X-Ray Plasma Ejections Catalogue<\/strong><\/p>\n\n\n\n<p>This database contains a catalogue of 368 X-ray plasma ejections observed with the SXT telescope during the full period of operation of the Japanese X-ray satellite YOHKOH. The database page opens in a new\u00a0<a href=\"http:\/\/www.astro.uni.wroc.pl\/XPE\/catalogue.html\" target=\"_blank\" rel=\"noreferrer noopener\">tab<\/a>.<\/p>\n<\/div>\n<\/div>\n\n\n\n<div class=\"wp-block-columns is-layout-flex wp-block-columns-is-layout-flex\">\n<div class=\"wp-block-column is-layout-flow wp-block-column-is-layout-flow\">\n<figure class=\"wp-block-image size-full\"><img loading=\"lazy\" decoding=\"async\" width=\"300\" height=\"175\" src=\"https:\/\/wfa.uwr.edu.pl\/wp-content\/uploads\/sites\/216\/2023\/02\/2-ldb-kep-sm.jpeg\" alt=\"Zmienne w polu Keplera\" class=\"wp-image-46137\" srcset=\"https:\/\/wfa.uwr.edu.pl\/wp-content\/uploads\/sites\/216\/2023\/02\/2-ldb-kep-sm.jpeg 300w, https:\/\/wfa.uwr.edu.pl\/wp-content\/uploads\/sites\/216\/2023\/02\/2-ldb-kep-sm-24x14.jpeg 24w, https:\/\/wfa.uwr.edu.pl\/wp-content\/uploads\/sites\/216\/2023\/02\/2-ldb-kep-sm-36x21.jpeg 36w, https:\/\/wfa.uwr.edu.pl\/wp-content\/uploads\/sites\/216\/2023\/02\/2-ldb-kep-sm-48x28.jpeg 48w\" sizes=\"auto, (max-width: 300px) 100vw, 300px\" \/><\/figure>\n<\/div>\n\n\n\n<div class=\"wp-block-column is-layout-flow wp-block-column-is-layout-flow\">\n<p><strong>Variable stars in the Kepler field of view<\/strong><\/p>\n\n\n\n<p>Database containing a catalogue of variable stars in the Kepler satellite field of observation and found in observations from the first 17 months of operation of the northern station of the ASAS project (ASAS-North). It contains information for 947 variable stars or stars suspected of variability. The database page opens in a separate\u00a0<a href=\"http:\/\/www.astro.uni.wroc.pl\/ldb\/asas\/kepler.html\" target=\"_blank\" rel=\"noreferrer noopener\">tab<\/a>. A detailed description of the database can be found in the paper: Pigulski et al., 2009, Acta Astronomica 59, 33.<\/p>\n<\/div>\n<\/div>\n\n\n\n<div class=\"wp-block-columns is-layout-flex wp-block-columns-is-layout-flex\">\n<div class=\"wp-block-column is-layout-flow wp-block-column-is-layout-flow\">\n<figure class=\"wp-block-image size-full\"><img loading=\"lazy\" decoding=\"async\" width=\"300\" height=\"162\" src=\"https:\/\/wfa.uwr.edu.pl\/wp-content\/uploads\/sites\/216\/2023\/02\/3-ldb-ogle1-sm.jpeg\" alt=\"Gwiazdy zmienne\" class=\"wp-image-46131\" srcset=\"https:\/\/wfa.uwr.edu.pl\/wp-content\/uploads\/sites\/216\/2023\/02\/3-ldb-ogle1-sm.jpeg 300w, https:\/\/wfa.uwr.edu.pl\/wp-content\/uploads\/sites\/216\/2023\/02\/3-ldb-ogle1-sm-24x13.jpeg 24w, https:\/\/wfa.uwr.edu.pl\/wp-content\/uploads\/sites\/216\/2023\/02\/3-ldb-ogle1-sm-36x19.jpeg 36w, https:\/\/wfa.uwr.edu.pl\/wp-content\/uploads\/sites\/216\/2023\/02\/3-ldb-ogle1-sm-48x26.jpeg 48w\" sizes=\"auto, (max-width: 300px) 100vw, 300px\" \/><\/figure>\n<\/div>\n\n\n\n<div class=\"wp-block-column is-layout-flow wp-block-column-is-layout-flow\">\n<p><strong>OGLE-I variable stars<\/strong><\/p>\n\n\n\n<p>Database containing information on 2016 variable stars found in four fields of the OGLE-I project, MM1-A, MM1-B, MM7-A, and MM7-B. The database page opens in a separate\u00a0<a href=\"http:\/\/www.astro.uni.wroc.pl\/ldb\/ogle1\/index.html\" target=\"_blank\" rel=\"noreferrer noopener\">tab<\/a>. A detailed description of the database can be found in the paper: Pigulski et al., 2003, Acta Astronomica 53, 27.<\/p>\n<\/div>\n<\/div>\n\n\n\n<div class=\"wp-block-columns is-layout-flex wp-block-columns-is-layout-flex\">\n<div class=\"wp-block-column is-layout-flow wp-block-column-is-layout-flow\">\n<figure class=\"wp-block-image size-full\"><img loading=\"lazy\" decoding=\"async\" width=\"300\" height=\"208\" src=\"https:\/\/wfa.uwr.edu.pl\/wp-content\/uploads\/sites\/216\/2023\/02\/4-ldb-iap-sm.jpeg\" alt=\"Ilustrowany Atlas Protuberancji\" class=\"wp-image-46125\" srcset=\"https:\/\/wfa.uwr.edu.pl\/wp-content\/uploads\/sites\/216\/2023\/02\/4-ldb-iap-sm.jpeg 300w, https:\/\/wfa.uwr.edu.pl\/wp-content\/uploads\/sites\/216\/2023\/02\/4-ldb-iap-sm-24x17.jpeg 24w, https:\/\/wfa.uwr.edu.pl\/wp-content\/uploads\/sites\/216\/2023\/02\/4-ldb-iap-sm-36x25.jpeg 36w, https:\/\/wfa.uwr.edu.pl\/wp-content\/uploads\/sites\/216\/2023\/02\/4-ldb-iap-sm-48x33.jpeg 48w\" sizes=\"auto, (max-width: 300px) 100vw, 300px\" \/><\/figure>\n<\/div>\n\n\n\n<div class=\"wp-block-column is-layout-flow wp-block-column-is-layout-flow\">\n<p><strong>Illustrated Atlas of Solar Prominences<\/strong><\/p>\n\n\n\n<p>This database contains pictures of various kinds of solar prominences taken with a small (Wroc\u0142aw) and large (Bia\u0142k\u00f3w) coronagraph in H\u03b1 filters. The atlas contains pictures of quiescent, eruptive, activated, and miscellaneous prominences as well as post flare loops. The database page opens in a separate\u00a0<a href=\"http:\/\/www.astro.uni.wroc.pl\/protuberancje\/prominatlas.html\" target=\"_blank\" rel=\"noreferrer noopener\">tab<\/a>.<\/p>\n<\/div>\n<\/div>\n<\/div><\/div><\/div><\/div><\/div><\/div>\n<\/div><\/div><\/div><\/div><\/div><\/div>\n","protected":false},"excerpt":{"rendered":"<p>Local databases Local databases contain information that cannot be published in its full form in a scientific journal or is not published in this way at all, but simultaneously may be useful for many researchers. Currently we grant access to four local databases: X-Ray Plasma Ejections Catalogue This database contains a catalogue of 368 X-ray [&hellip;]<\/p>\n","protected":false},"author":7182,"featured_media":45564,"parent":83271,"menu_order":3,"comment_status":"closed","ping_status":"closed","template":"","meta":{"_acf_changed":false,"inline_featured_image":false,"site-sidebar-layout":"default","site-content-layout":"","ast-site-content-layout":"default","site-content-style":"default","site-sidebar-style":"default","ast-global-header-display":"","ast-banner-title-visibility":"","ast-main-header-display":"","ast-hfb-above-header-display":"","ast-hfb-below-header-display":"","ast-hfb-mobile-header-display":"","site-post-title":"","ast-breadcrumbs-content":"","ast-featured-img":"","footer-sml-layout":"","ast-disable-related-posts":"","theme-transparent-header-meta":"","adv-header-id-meta":"","stick-header-meta":"","header-above-stick-meta":"","header-main-stick-meta":"","header-below-stick-meta":"","astra-migrate-meta-layouts":"set","ast-page-background-enabled":"default","ast-page-background-meta":{"desktop":{"background-color":"","background-image":"","background-repeat":"repeat","background-position":"center center","background-size":"auto","background-attachment":"scroll","background-type":"","background-media":"","overlay-type":"","overlay-color":"","overlay-opacity":"","overlay-gradient":""},"tablet":{"background-color":"","background-image":"","background-repeat":"repeat","background-position":"center center","background-size":"auto","background-attachment":"scroll","background-type":"","background-media":"","overlay-type":"","overlay-color":"","overlay-opacity":"","overlay-gradient":""},"mobile":{"background-color":"","background-image":"","background-repeat":"repeat","background-position":"center center","background-size":"auto","background-attachment":"scroll","background-type":"","background-media":"","overlay-type":"","overlay-color":"","overlay-opacity":"","overlay-gradient":""}},"ast-content-background-meta":{"desktop":{"background-color":"var(--ast-global-color-5)","background-image":"","background-repeat":"repeat","background-position":"center center","background-size":"auto","background-attachment":"scroll","background-type":"","background-media":"","overlay-type":"","overlay-color":"","overlay-opacity":"","overlay-gradient":""},"tablet":{"background-color":"var(--ast-global-color-5)","background-image":"","background-repeat":"repeat","background-position":"center center","background-size":"auto","background-attachment":"scroll","background-type":"","background-media":"","overlay-type":"","overlay-color":"","overlay-opacity":"","overlay-gradient":""},"mobile":{"background-color":"var(--ast-global-color-5)","background-image":"","background-repeat":"repeat","background-position":"center center","background-size":"auto","background-attachment":"scroll","background-type":"","background-media":"","overlay-type":"","overlay-color":"","overlay-opacity":"","overlay-gradient":""}},"footnotes":""},"categories":[],"tags":[],"class_list":["post-83367","page","type-page","status-publish","has-post-thumbnail","hentry"],"featured_image_urls_v2":{"full":["https:\/\/wfa.uwr.edu.pl\/wp-content\/uploads\/sites\/216\/2023\/02\/P7A2417-1024x683-1.jpg",1024,683,false],"thumbnail":["https:\/\/wfa.uwr.edu.pl\/wp-content\/uploads\/sites\/216\/2023\/02\/P7A2417-1024x683-1-150x150.jpg",150,150,true],"medium":["https:\/\/wfa.uwr.edu.pl\/wp-content\/uploads\/sites\/216\/2023\/02\/P7A2417-1024x683-1-300x200.jpg",300,200,true],"medium_large":["https:\/\/wfa.uwr.edu.pl\/wp-content\/uploads\/sites\/216\/2023\/02\/P7A2417-1024x683-1-768x512.jpg",768,512,true],"large":["https:\/\/wfa.uwr.edu.pl\/wp-content\/uploads\/sites\/216\/2023\/02\/P7A2417-1024x683-1.jpg",1024,683,false],"1536x1536":["https:\/\/wfa.uwr.edu.pl\/wp-content\/uploads\/sites\/216\/2023\/02\/P7A2417-1024x683-1.jpg",1024,683,false],"2048x2048":["https:\/\/wfa.uwr.edu.pl\/wp-content\/uploads\/sites\/216\/2023\/02\/P7A2417-1024x683-1.jpg",1024,683,false],"menu-24x24":["https:\/\/wfa.uwr.edu.pl\/wp-content\/uploads\/sites\/216\/2023\/02\/P7A2417-1024x683-1-24x16.jpg",24,16,true],"menu-36x36":["https:\/\/wfa.uwr.edu.pl\/wp-content\/uploads\/sites\/216\/2023\/02\/P7A2417-1024x683-1-36x24.jpg",36,24,true],"menu-48x48":["https:\/\/wfa.uwr.edu.pl\/wp-content\/uploads\/sites\/216\/2023\/02\/P7A2417-1024x683-1-48x32.jpg",48,32,true]},"post_excerpt_stackable_v2":"<p>Local databases Local databases contain information that cannot be published in its full form in a scientific journal or is not published in this way at all, but simultaneously may be useful for many researchers. Currently we grant access to four local databases: X-Ray Plasma Ejections Catalogue This database contains a catalogue of 368 X-ray plasma ejections observed with the SXT telescope during the full period of operation of the Japanese X-ray satellite YOHKOH. The database page opens in a new\u00a0tab. Variable stars in the Kepler field of view Database containing a catalogue of variable stars in the Kepler satellite&hellip;<\/p>\n","category_list_v2":"Uncategorized","author_info_v2":{"name":"kswistak","url":"https:\/\/wfa.uwr.edu.pl\/en\/author\/kswistak\/"},"comments_num_v2":"0 comments","acf":[],"yoast_head":"<!-- This site is optimized with the Yoast SEO plugin v27.1.1 - https:\/\/yoast.com\/product\/yoast-seo-wordpress\/ -->\n<title>Local databases - Faculty of Physics and Astronomy<\/title>\n<meta name=\"description\" content=\"Wydzia\u0142 Fizyki i Astronomii\" \/>\n<meta name=\"robots\" content=\"index, follow, max-snippet:-1, max-image-preview:large, max-video-preview:-1\" \/>\n<link rel=\"canonical\" href=\"https:\/\/wfa.uwr.edu.pl\/en\/institute-of-astronomy\/local-databases\/\" \/>\n<meta property=\"og:locale\" content=\"en_US\" \/>\n<meta property=\"og:type\" content=\"article\" \/>\n<meta property=\"og:title\" content=\"Local databases - Faculty of Physics and Astronomy\" \/>\n<meta property=\"og:description\" content=\"Wydzia\u0142 Fizyki i Astronomii\" \/>\n<meta property=\"og:url\" content=\"https:\/\/wfa.uwr.edu.pl\/en\/institute-of-astronomy\/local-databases\/\" \/>\n<meta property=\"og:site_name\" content=\"Faculty of Physics and Astronomy\" \/>\n<meta property=\"article:modified_time\" content=\"2025-01-16T13:37:45+00:00\" \/>\n<meta property=\"og:image\" content=\"https:\/\/wfa.uwr.edu.pl\/wp-content\/uploads\/sites\/216\/2023\/02\/P7A2417-1024x683-1.jpg\" \/>\n\t<meta property=\"og:image:width\" content=\"1024\" \/>\n\t<meta property=\"og:image:height\" content=\"683\" \/>\n\t<meta property=\"og:image:type\" content=\"image\/jpeg\" \/>\n<meta name=\"twitter:card\" content=\"summary_large_image\" \/>\n<meta name=\"twitter:label1\" content=\"Est. reading time\" \/>\n\t<meta name=\"twitter:data1\" content=\"3 minutes\" \/>\n<script type=\"application\/ld+json\" class=\"yoast-schema-graph\">{\"@context\":\"https:\/\/schema.org\",\"@graph\":[{\"@type\":\"WebPage\",\"@id\":\"https:\/\/wfa.uwr.edu.pl\/en\/institute-of-astronomy\/local-databases\/\",\"url\":\"https:\/\/wfa.uwr.edu.pl\/en\/institute-of-astronomy\/local-databases\/\",\"name\":\"Local databases - Faculty of Physics and Astronomy\",\"isPartOf\":{\"@id\":\"https:\/\/wfa.uwr.edu.pl\/#website\"},\"primaryImageOfPage\":{\"@id\":\"https:\/\/wfa.uwr.edu.pl\/en\/institute-of-astronomy\/local-databases\/#primaryimage\"},\"image\":{\"@id\":\"https:\/\/wfa.uwr.edu.pl\/en\/institute-of-astronomy\/local-databases\/#primaryimage\"},\"thumbnailUrl\":\"https:\/\/wfa.uwr.edu.pl\/wp-content\/uploads\/sites\/216\/2023\/02\/P7A2417-1024x683-1.jpg\",\"datePublished\":\"2025-01-16T13:37:37+00:00\",\"dateModified\":\"2025-01-16T13:37:45+00:00\",\"description\":\"Wydzia\u0142 Fizyki i Astronomii\",\"breadcrumb\":{\"@id\":\"https:\/\/wfa.uwr.edu.pl\/en\/institute-of-astronomy\/local-databases\/#breadcrumb\"},\"inLanguage\":\"en-US\",\"potentialAction\":[{\"@type\":\"ReadAction\",\"target\":[\"https:\/\/wfa.uwr.edu.pl\/en\/institute-of-astronomy\/local-databases\/\"]}]},{\"@type\":\"ImageObject\",\"inLanguage\":\"en-US\",\"@id\":\"https:\/\/wfa.uwr.edu.pl\/en\/institute-of-astronomy\/local-databases\/#primaryimage\",\"url\":\"https:\/\/wfa.uwr.edu.pl\/wp-content\/uploads\/sites\/216\/2023\/02\/P7A2417-1024x683-1.jpg\",\"contentUrl\":\"https:\/\/wfa.uwr.edu.pl\/wp-content\/uploads\/sites\/216\/2023\/02\/P7A2417-1024x683-1.jpg\",\"width\":1024,\"height\":683,\"caption\":\"Rega\u0142 z ksi\u0105\u017ckami\"},{\"@type\":\"BreadcrumbList\",\"@id\":\"https:\/\/wfa.uwr.edu.pl\/en\/institute-of-astronomy\/local-databases\/#breadcrumb\",\"itemListElement\":[{\"@type\":\"ListItem\",\"position\":1,\"name\":\"Strona g\u0142\u00f3wna\",\"item\":\"https:\/\/wfa.uwr.edu.pl\/en\/\"},{\"@type\":\"ListItem\",\"position\":2,\"name\":\"Institute of Astronomy\",\"item\":\"https:\/\/wfa.uwr.edu.pl\/en\/institute-of-astronomy\/\"},{\"@type\":\"ListItem\",\"position\":3,\"name\":\"Local databases\"}]},{\"@type\":\"WebSite\",\"@id\":\"https:\/\/wfa.uwr.edu.pl\/#website\",\"url\":\"https:\/\/wfa.uwr.edu.pl\/\",\"name\":\"Faculty of Physics and Astronomy\",\"description\":\"Kolejna witryna sieci \u201eUWR Witryny\u201d\",\"potentialAction\":[{\"@type\":\"SearchAction\",\"target\":{\"@type\":\"EntryPoint\",\"urlTemplate\":\"https:\/\/wfa.uwr.edu.pl\/?s={search_term_string}\"},\"query-input\":{\"@type\":\"PropertyValueSpecification\",\"valueRequired\":true,\"valueName\":\"search_term_string\"}}],\"inLanguage\":\"en-US\"}]}<\/script>\n<!-- \/ Yoast SEO plugin. -->","yoast_head_json":{"title":"Local databases - Faculty of Physics and Astronomy","description":"Wydzia\u0142 Fizyki i Astronomii","robots":{"index":"index","follow":"follow","max-snippet":"max-snippet:-1","max-image-preview":"max-image-preview:large","max-video-preview":"max-video-preview:-1"},"canonical":"https:\/\/wfa.uwr.edu.pl\/en\/institute-of-astronomy\/local-databases\/","og_locale":"en_US","og_type":"article","og_title":"Local databases - Faculty of Physics and Astronomy","og_description":"Wydzia\u0142 Fizyki i Astronomii","og_url":"https:\/\/wfa.uwr.edu.pl\/en\/institute-of-astronomy\/local-databases\/","og_site_name":"Faculty of Physics and Astronomy","article_modified_time":"2025-01-16T13:37:45+00:00","og_image":[{"width":1024,"height":683,"url":"https:\/\/wfa.uwr.edu.pl\/wp-content\/uploads\/sites\/216\/2023\/02\/P7A2417-1024x683-1.jpg","type":"image\/jpeg"}],"twitter_card":"summary_large_image","twitter_misc":{"Est. reading time":"3 minutes"},"schema":{"@context":"https:\/\/schema.org","@graph":[{"@type":"WebPage","@id":"https:\/\/wfa.uwr.edu.pl\/en\/institute-of-astronomy\/local-databases\/","url":"https:\/\/wfa.uwr.edu.pl\/en\/institute-of-astronomy\/local-databases\/","name":"Local databases - Faculty of Physics and Astronomy","isPartOf":{"@id":"https:\/\/wfa.uwr.edu.pl\/#website"},"primaryImageOfPage":{"@id":"https:\/\/wfa.uwr.edu.pl\/en\/institute-of-astronomy\/local-databases\/#primaryimage"},"image":{"@id":"https:\/\/wfa.uwr.edu.pl\/en\/institute-of-astronomy\/local-databases\/#primaryimage"},"thumbnailUrl":"https:\/\/wfa.uwr.edu.pl\/wp-content\/uploads\/sites\/216\/2023\/02\/P7A2417-1024x683-1.jpg","datePublished":"2025-01-16T13:37:37+00:00","dateModified":"2025-01-16T13:37:45+00:00","description":"Wydzia\u0142 Fizyki i Astronomii","breadcrumb":{"@id":"https:\/\/wfa.uwr.edu.pl\/en\/institute-of-astronomy\/local-databases\/#breadcrumb"},"inLanguage":"en-US","potentialAction":[{"@type":"ReadAction","target":["https:\/\/wfa.uwr.edu.pl\/en\/institute-of-astronomy\/local-databases\/"]}]},{"@type":"ImageObject","inLanguage":"en-US","@id":"https:\/\/wfa.uwr.edu.pl\/en\/institute-of-astronomy\/local-databases\/#primaryimage","url":"https:\/\/wfa.uwr.edu.pl\/wp-content\/uploads\/sites\/216\/2023\/02\/P7A2417-1024x683-1.jpg","contentUrl":"https:\/\/wfa.uwr.edu.pl\/wp-content\/uploads\/sites\/216\/2023\/02\/P7A2417-1024x683-1.jpg","width":1024,"height":683,"caption":"Rega\u0142 z ksi\u0105\u017ckami"},{"@type":"BreadcrumbList","@id":"https:\/\/wfa.uwr.edu.pl\/en\/institute-of-astronomy\/local-databases\/#breadcrumb","itemListElement":[{"@type":"ListItem","position":1,"name":"Strona g\u0142\u00f3wna","item":"https:\/\/wfa.uwr.edu.pl\/en\/"},{"@type":"ListItem","position":2,"name":"Institute of Astronomy","item":"https:\/\/wfa.uwr.edu.pl\/en\/institute-of-astronomy\/"},{"@type":"ListItem","position":3,"name":"Local databases"}]},{"@type":"WebSite","@id":"https:\/\/wfa.uwr.edu.pl\/#website","url":"https:\/\/wfa.uwr.edu.pl\/","name":"Faculty of Physics and Astronomy","description":"Kolejna witryna sieci \u201eUWR Witryny\u201d","potentialAction":[{"@type":"SearchAction","target":{"@type":"EntryPoint","urlTemplate":"https:\/\/wfa.uwr.edu.pl\/?s={search_term_string}"},"query-input":{"@type":"PropertyValueSpecification","valueRequired":true,"valueName":"search_term_string"}}],"inLanguage":"en-US"}]}},"publishpress_future_action":{"enabled":false,"date":"2026-05-20 10:42:30","action":"change-status","newStatus":"draft","terms":[],"taxonomy":"category","extraData":[]},"publishpress_future_workflow_manual_trigger":{"enabledWorkflows":[]},"_links":{"self":[{"href":"https:\/\/wfa.uwr.edu.pl\/en\/wp-json\/wp\/v2\/pages\/83367\/"}],"collection":[{"href":"https:\/\/wfa.uwr.edu.pl\/en\/wp-json\/wp\/v2\/pages\/"}],"about":[{"href":"https:\/\/wfa.uwr.edu.pl\/en\/wp-json\/wp\/v2\/types\/page\/"}],"author":[{"embeddable":true,"href":"https:\/\/wfa.uwr.edu.pl\/en\/wp-json\/wp\/v2\/users\/7182\/"}],"replies":[{"embeddable":true,"href":"https:\/\/wfa.uwr.edu.pl\/en\/wp-json\/wp\/v2\/comments\/?post=83367"}],"version-history":[{"count":1,"href":"https:\/\/wfa.uwr.edu.pl\/en\/wp-json\/wp\/v2\/pages\/83367\/revisions\/"}],"predecessor-version":[{"id":83370,"href":"https:\/\/wfa.uwr.edu.pl\/en\/wp-json\/wp\/v2\/pages\/83367\/revisions\/83370\/"}],"up":[{"embeddable":true,"href":"https:\/\/wfa.uwr.edu.pl\/en\/wp-json\/wp\/v2\/pages\/83271\/"}],"wp:featuredmedia":[{"embeddable":true,"href":"https:\/\/wfa.uwr.edu.pl\/en\/wp-json\/wp\/v2\/media\/45564\/"}],"wp:attachment":[{"href":"https:\/\/wfa.uwr.edu.pl\/en\/wp-json\/wp\/v2\/media\/?parent=83367"}],"wp:term":[{"taxonomy":"category","embeddable":true,"href":"https:\/\/wfa.uwr.edu.pl\/en\/wp-json\/wp\/v2\/categories\/?post=83367"},{"taxonomy":"post_tag","embeddable":true,"href":"https:\/\/wfa.uwr.edu.pl\/en\/wp-json\/wp\/v2\/tags\/?post=83367"}],"curies":[{"name":"wp","href":"https:\/\/api.w.org\/{rel}","templated":true}]}}